{"id":7862,"date":"2023-03-29T14:53:50","date_gmt":"2023-03-29T14:53:50","guid":{"rendered":"http:\/\/www.black-star.ovh\/fr\/produit\/speedway-5\/"},"modified":"2023-03-29T14:53:50","modified_gmt":"2023-03-29T14:53:50","slug":"speedway-5","status":"publish","type":"product","link":"https:\/\/black-star.fr\/en\/fr\/produit\/speedway-5\/","title":{"rendered":"SPEEDWAY"},"content":{"rendered":"<p>Pneu route : con\u00e7u pour les 4&#215;4 puissants et rapides, ce profil directionnel procure un grand confort acoustique et sa tr\u00e8s faible r\u00e9sistance au roulement induit une \u00e9conomie sensible de carburant. Les deux larges rainures circulaires associ\u00e9es aux canaux \u00e0 angles progressifs assurent une \u00e9vacuation de l\u2019eau et une tenue de route optimales.<\/p>","protected":false},"excerpt":{"rendered":"<p>Pneu route : con\u00e7u pour les 4&#215;4 puissants et rapides, ce profil directionnel procure un grand confort acoustique et sa tr\u00e8s faible r\u00e9sistance au roulement induit une \u00e9conomie sensible de carburant. Les deux larges rainures circulaires associ\u00e9es aux canaux \u00e0 angles progressifs assurent une \u00e9vacuation de l\u2019eau et une tenue de route optimales.<\/p>","protected":false},"featured_media":7597,"template":"","meta":[],"product_brand":[],"product_cat":[91],"product_tag":[],"class_list":{"0":"post-7862","1":"product","2":"type-product","3":"status-publish","4":"has-post-thumbnail","6":"product_cat-4x4-suv","8":"first","9":"instock","10":"shipping-taxable","11":"product-type-simple"},"_links":{"self":[{"href":"https:\/\/black-star.fr\/en\/wp-json\/wp\/v2\/product\/7862","targetHints":{"allow":["GET"]}}],"collection":[{"href":"https:\/\/black-star.fr\/en\/wp-json\/wp\/v2\/product"}],"about":[{"href":"https:\/\/black-star.fr\/en\/wp-json\/wp\/v2\/types\/product"}],"wp:featuredmedia":[{"embeddable":true,"href":"https:\/\/black-star.fr\/en\/wp-json\/wp\/v2\/media\/7597"}],"wp:attachment":[{"href":"https:\/\/black-star.fr\/en\/wp-json\/wp\/v2\/media?parent=7862"}],"wp:term":[{"taxonomy":"product_brand","embeddable":true,"href":"https:\/\/black-star.fr\/en\/wp-json\/wp\/v2\/product_brand?post=7862"},{"taxonomy":"product_cat","embeddable":true,"href":"https:\/\/black-star.fr\/en\/wp-json\/wp\/v2\/product_cat?post=7862"},{"taxonomy":"product_tag","embeddable":true,"href":"https:\/\/black-star.fr\/en\/wp-json\/wp\/v2\/product_tag?post=7862"}],"curies":[{"name":"wp","href":"https:\/\/api.w.org\/{rel}","templated":true}]}}