{"id":7852,"date":"2023-03-29T14:53:48","date_gmt":"2023-03-29T14:53:48","guid":{"rendered":"http:\/\/www.black-star.ovh\/fr\/produit\/arizona-4\/"},"modified":"2023-03-29T14:53:48","modified_gmt":"2023-03-29T14:53:48","slug":"arizona-4","status":"publish","type":"product","link":"https:\/\/black-star.fr\/en\/fr\/produit\/arizona-4\/","title":{"rendered":"ARIZONA"},"content":{"rendered":"<p>Mixed tyre: developed for cross-over SUVs and 4x4s, this symmetrical profile provides excellent traction whatever the road conditions. Large circular channels ensure optimal performance on wet roads and the massive shoulder blocks streaked with sinusoidal sipes provide lateral rigidity. Offset central tread lugs complete this all-weather profile and ensure the necessary traction when winter conditions demand it.<\/p>","protected":false},"excerpt":{"rendered":"<p>Pneu mixte : d\u00e9velopp\u00e9 pour les cross-over SUV et 4&#215;4, ce profil sym\u00e9trique procure une excellente motricit\u00e9 quelles que soient les conditions routi\u00e8res. De larges canaux circulaires assurent des performances optimales sur routes mouill\u00e9es et les pav\u00e9s d\u2019\u00e9paulements massifs stri\u00e9s de lamelles sinuso\u00efdales apportent la rigidit\u00e9 lat\u00e9rale. Les crampons centraux d\u00e9cal\u00e9s de la bande de [&hellip;]<\/p>\n","protected":false},"featured_media":7602,"template":"","meta":[],"product_brand":[],"product_cat":[91],"product_tag":[],"class_list":{"0":"post-7852","1":"product","2":"type-product","3":"status-publish","4":"has-post-thumbnail","6":"product_cat-4x4-suv","8":"first","9":"instock","10":"shipping-taxable","11":"product-type-simple"},"_links":{"self":[{"href":"https:\/\/black-star.fr\/en\/wp-json\/wp\/v2\/product\/7852","targetHints":{"allow":["GET"]}}],"collection":[{"href":"https:\/\/black-star.fr\/en\/wp-json\/wp\/v2\/product"}],"about":[{"href":"https:\/\/black-star.fr\/en\/wp-json\/wp\/v2\/types\/product"}],"wp:featuredmedia":[{"embeddable":true,"href":"https:\/\/black-star.fr\/en\/wp-json\/wp\/v2\/media\/7602"}],"wp:attachment":[{"href":"https:\/\/black-star.fr\/en\/wp-json\/wp\/v2\/media?parent=7852"}],"wp:term":[{"taxonomy":"product_brand","embeddable":true,"href":"https:\/\/black-star.fr\/en\/wp-json\/wp\/v2\/product_brand?post=7852"},{"taxonomy":"product_cat","embeddable":true,"href":"https:\/\/black-star.fr\/en\/wp-json\/wp\/v2\/product_cat?post=7852"},{"taxonomy":"product_tag","embeddable":true,"href":"https:\/\/black-star.fr\/en\/wp-json\/wp\/v2\/product_tag?post=7852"}],"curies":[{"name":"wp","href":"https:\/\/api.w.org\/{rel}","templated":true}]}}