{"id":7808,"date":"2023-03-29T14:53:40","date_gmt":"2023-03-29T14:53:40","guid":{"rendered":"http:\/\/www.black-star.ovh\/fr\/produit\/highway\/"},"modified":"2023-03-29T14:53:40","modified_gmt":"2023-03-29T14:53:40","slug":"highway","status":"publish","type":"product","link":"https:\/\/black-star.fr\/en\/fr\/produit\/highway\/","title":{"rendered":"HIGHWAY"},"content":{"rendered":"<p>Road tyre: developed for the latest generation SUVs and 4x4s, this symmetrical profile with variable pitch offers very high level driving precision and comfort. The four circumferential grooves combined with the cross sipes of the tread blocks as well as the wide notches in the shoulders provide optimal road holding and increased resistance to aquaplaning. The very low rolling resistance of the profile allows a significant reduction in fuel consumption and a reduction in CO2 emissions. These dynamic qualities make it a valuable ally for road and motorway routes.<\/p>","protected":false},"excerpt":{"rendered":"<p>Pneu route : d\u00e9velopp\u00e9 pour les SUV et 4&#215;4 de derni\u00e8res g\u00e9n\u00e9rations, ce profil sym\u00e9trique \u00e0 pas variables offre une pr\u00e9cision de conduite et un confort de tr\u00e8s haut niveau. Les quatre rainures circonf\u00e9rentielles associ\u00e9es aux lamelles crois\u00e9es des pav\u00e9s de la bande de roulement ainsi qu\u2019aux larges entailles d\u2019\u00e9paulements procurent une tenue de route [&hellip;]<\/p>\n","protected":false},"featured_media":7572,"template":"","meta":[],"product_brand":[],"product_cat":[91],"product_tag":[],"class_list":{"0":"post-7808","1":"product","2":"type-product","3":"status-publish","4":"has-post-thumbnail","6":"product_cat-4x4-suv","8":"first","9":"instock","10":"shipping-taxable","11":"product-type-simple"},"_links":{"self":[{"href":"https:\/\/black-star.fr\/en\/wp-json\/wp\/v2\/product\/7808","targetHints":{"allow":["GET"]}}],"collection":[{"href":"https:\/\/black-star.fr\/en\/wp-json\/wp\/v2\/product"}],"about":[{"href":"https:\/\/black-star.fr\/en\/wp-json\/wp\/v2\/types\/product"}],"wp:featuredmedia":[{"embeddable":true,"href":"https:\/\/black-star.fr\/en\/wp-json\/wp\/v2\/media\/7572"}],"wp:attachment":[{"href":"https:\/\/black-star.fr\/en\/wp-json\/wp\/v2\/media?parent=7808"}],"wp:term":[{"taxonomy":"product_brand","embeddable":true,"href":"https:\/\/black-star.fr\/en\/wp-json\/wp\/v2\/product_brand?post=7808"},{"taxonomy":"product_cat","embeddable":true,"href":"https:\/\/black-star.fr\/en\/wp-json\/wp\/v2\/product_cat?post=7808"},{"taxonomy":"product_tag","embeddable":true,"href":"https:\/\/black-star.fr\/en\/wp-json\/wp\/v2\/product_tag?post=7808"}],"curies":[{"name":"wp","href":"https:\/\/api.w.org\/{rel}","templated":true}]}}