{"id":7793,"date":"2023-03-29T14:53:37","date_gmt":"2023-03-29T14:53:37","guid":{"rendered":"http:\/\/www.black-star.ovh\/fr\/produit\/venezuela-3\/"},"modified":"2023-03-29T14:53:37","modified_gmt":"2023-03-29T14:53:37","slug":"venezuela-3","status":"publish","type":"product","link":"https:\/\/black-star.fr\/en\/fr\/produit\/venezuela-3\/","title":{"rendered":"VENEZUELA"},"content":{"rendered":"<p>This Crossing tyre (level 8) for trials is particularly fond of rocky areas.  Its small diamond-shaped studs aligned diagonally allow it to grip the most modest asperities. In the mud, the action of its massive side studs combined with the punching of the center of the tread make it a particularly effective muck climber.<\/p>","protected":false},"excerpt":{"rendered":"<p>Ce pneu de franchissement (niveau 8) \u00e0 vocation trialisante affectionne particuli\u00e8rement les zones rocailleuses. Ses petits crampons en forme de losanges align\u00e9s en diagonale lui permettent d&rsquo;agripper les asp\u00e9rit\u00e9s les plus modestes. Dans la boue, l&rsquo;action de ses crampons lat\u00e9raux massifs associ\u00e9e au poin\u00e7onnage du centre de la bande de roulement en font un franchisseur [&hellip;]<\/p>\n","protected":false},"featured_media":7599,"template":"","meta":[],"product_brand":[],"product_cat":[91],"product_tag":[],"class_list":{"0":"post-7793","1":"product","2":"type-product","3":"status-publish","4":"has-post-thumbnail","6":"product_cat-4x4-suv","8":"first","9":"instock","10":"shipping-taxable","11":"product-type-simple"},"_links":{"self":[{"href":"https:\/\/black-star.fr\/en\/wp-json\/wp\/v2\/product\/7793","targetHints":{"allow":["GET"]}}],"collection":[{"href":"https:\/\/black-star.fr\/en\/wp-json\/wp\/v2\/product"}],"about":[{"href":"https:\/\/black-star.fr\/en\/wp-json\/wp\/v2\/types\/product"}],"wp:featuredmedia":[{"embeddable":true,"href":"https:\/\/black-star.fr\/en\/wp-json\/wp\/v2\/media\/7599"}],"wp:attachment":[{"href":"https:\/\/black-star.fr\/en\/wp-json\/wp\/v2\/media?parent=7793"}],"wp:term":[{"taxonomy":"product_brand","embeddable":true,"href":"https:\/\/black-star.fr\/en\/wp-json\/wp\/v2\/product_brand?post=7793"},{"taxonomy":"product_cat","embeddable":true,"href":"https:\/\/black-star.fr\/en\/wp-json\/wp\/v2\/product_cat?post=7793"},{"taxonomy":"product_tag","embeddable":true,"href":"https:\/\/black-star.fr\/en\/wp-json\/wp\/v2\/product_tag?post=7793"}],"curies":[{"name":"wp","href":"https:\/\/api.w.org\/{rel}","templated":true}]}}