{"id":7792,"date":"2023-03-29T14:53:37","date_gmt":"2023-03-29T14:53:37","guid":{"rendered":"http:\/\/www.black-star.ovh\/fr\/produit\/mud-max-fc-2\/"},"modified":"2023-03-29T14:53:37","modified_gmt":"2023-03-29T14:53:37","slug":"mud-max-fc-2","status":"publish","type":"product","link":"https:\/\/black-star.fr\/en\/fr\/produit\/mud-max-fc-2\/","title":{"rendered":"MUD-MAX FC"},"content":{"rendered":"<p>This very aggressive Crossing tyre (level 9) tested in the jungle and swamps, sets new limits in terms of extreme off-roading. Its tread with a directional profile combines a double central row of small knobs for grip on dry or rocky terrain and very massive shoulder blocks arranged in staggered rows for maximum traction in mires. Pyramidal studs reinforce the top of the sides and allow it to take advantage of the slightest roughness. Its phenomenal clearing capacity and its exceptional tread depth (up to 20 mm at the shoulders) allow it to perform Crossings of the 3rd type.<\/p>","protected":false},"excerpt":{"rendered":"<p>Ce pneu de franchissement tr\u00e8s agressif (niveau 9) test\u00e9 dans la jungle et les mar\u00e9cages, \u00e9tablit de nouvelles limites en mati\u00e8re de tout-terrain extr\u00eame. Sa bande de roulement au profil directionnel associe une double rang\u00e9e centrale de petits crampons pour le grip sur terrains secs ou rocailleux et des pav\u00e9s d\u2019\u00e9paulement tr\u00e8s massifs dispos\u00e9s en [&hellip;]<\/p>\n","protected":false},"featured_media":7573,"template":"","meta":[],"product_brand":[],"product_cat":[91],"product_tag":[],"class_list":{"0":"post-7792","1":"product","2":"type-product","3":"status-publish","4":"has-post-thumbnail","6":"product_cat-4x4-suv","8":"first","9":"instock","10":"shipping-taxable","11":"product-type-simple"},"_links":{"self":[{"href":"https:\/\/black-star.fr\/en\/wp-json\/wp\/v2\/product\/7792","targetHints":{"allow":["GET"]}}],"collection":[{"href":"https:\/\/black-star.fr\/en\/wp-json\/wp\/v2\/product"}],"about":[{"href":"https:\/\/black-star.fr\/en\/wp-json\/wp\/v2\/types\/product"}],"wp:featuredmedia":[{"embeddable":true,"href":"https:\/\/black-star.fr\/en\/wp-json\/wp\/v2\/media\/7573"}],"wp:attachment":[{"href":"https:\/\/black-star.fr\/en\/wp-json\/wp\/v2\/media?parent=7792"}],"wp:term":[{"taxonomy":"product_brand","embeddable":true,"href":"https:\/\/black-star.fr\/en\/wp-json\/wp\/v2\/product_brand?post=7792"},{"taxonomy":"product_cat","embeddable":true,"href":"https:\/\/black-star.fr\/en\/wp-json\/wp\/v2\/product_cat?post=7792"},{"taxonomy":"product_tag","embeddable":true,"href":"https:\/\/black-star.fr\/en\/wp-json\/wp\/v2\/product_tag?post=7792"}],"curies":[{"name":"wp","href":"https:\/\/api.w.org\/{rel}","templated":true}]}}