{"id":7773,"date":"2023-03-29T14:53:34","date_gmt":"2023-03-29T14:53:34","guid":{"rendered":"http:\/\/www.black-star.ovh\/fr\/produit\/guyane-2-2\/"},"modified":"2023-03-29T14:53:34","modified_gmt":"2023-03-29T14:53:34","slug":"guyane-2-2","status":"publish","type":"product","link":"https:\/\/black-star.fr\/en\/fr\/produit\/guyane-2-2\/","title":{"rendered":"GUYANE 2"},"content":{"rendered":"<p>This Extreme Crossing tyre (level 7) is THE essential reference for all-terrain enthusiasts and long-distance adventurers. Its phenomenal grip on all terrains, including the most glaucous mires, its great clearing capacity as well as its remarkable handling on slopes confirm the validity of its reputation. On winding tracks, even at sustained speed, it retains good driving precision.<\/p>","protected":false},"excerpt":{"rendered":"<p>Ce pneu de franchissement extr\u00eame (niveau 7) est LA r\u00e9f\u00e9rence incontournable pour les inconditionnels du tout terrain et les baroudeurs au long cours. Son grip ph\u00e9nom\u00e9nal sur tous les terrains y compris les bourbiers les plus glauques, sa grande capacit\u00e9 de d\u00e9bourrage ainsi que sa remarquable tenue en d\u00e9vers confortent le bien fond\u00e9 de sa [&hellip;]<\/p>\n","protected":false},"featured_media":7571,"template":"","meta":[],"product_brand":[],"product_cat":[91],"product_tag":[],"class_list":{"0":"post-7773","1":"product","2":"type-product","3":"status-publish","4":"has-post-thumbnail","6":"product_cat-4x4-suv","8":"first","9":"instock","10":"shipping-taxable","11":"product-type-simple"},"_links":{"self":[{"href":"https:\/\/black-star.fr\/en\/wp-json\/wp\/v2\/product\/7773","targetHints":{"allow":["GET"]}}],"collection":[{"href":"https:\/\/black-star.fr\/en\/wp-json\/wp\/v2\/product"}],"about":[{"href":"https:\/\/black-star.fr\/en\/wp-json\/wp\/v2\/types\/product"}],"wp:featuredmedia":[{"embeddable":true,"href":"https:\/\/black-star.fr\/en\/wp-json\/wp\/v2\/media\/7571"}],"wp:attachment":[{"href":"https:\/\/black-star.fr\/en\/wp-json\/wp\/v2\/media?parent=7773"}],"wp:term":[{"taxonomy":"product_brand","embeddable":true,"href":"https:\/\/black-star.fr\/en\/wp-json\/wp\/v2\/product_brand?post=7773"},{"taxonomy":"product_cat","embeddable":true,"href":"https:\/\/black-star.fr\/en\/wp-json\/wp\/v2\/product_cat?post=7773"},{"taxonomy":"product_tag","embeddable":true,"href":"https:\/\/black-star.fr\/en\/wp-json\/wp\/v2\/product_tag?post=7773"}],"curies":[{"name":"wp","href":"https:\/\/api.w.org\/{rel}","templated":true}]}}