{"id":7770,"date":"2023-03-29T14:53:33","date_gmt":"2023-03-29T14:53:33","guid":{"rendered":"http:\/\/www.black-star.ovh\/fr\/produit\/caiman-renf-2\/"},"modified":"2023-03-29T14:53:33","modified_gmt":"2023-03-29T14:53:33","slug":"caiman-renf-2","status":"publish","type":"product","link":"https:\/\/black-star.fr\/en\/fr\/produit\/caiman-renf-2\/","title":{"rendered":"CAIMAN RENF"},"content":{"rendered":"<p>This Crossing tyre (level 6) with an attractive look makes it possible to tackle the greatest difficulties encountered off-road. With a directional profile, equipped with protective strips at the top of the sidewalls and rim guards, it offers good impact resistance and features aggressive shoulders for maximum lateral grip. Its traction capacity and its beveled self-cleaning lugs predestine it for mud pits and Crossings of all kinds.<\/p>","protected":false},"excerpt":{"rendered":"<p>Ce pneu de franchissement (niveau 6) au look attractif permet d\u2019aborder les plus grandes difficult\u00e9s rencontr\u00e9es en hors-piste. Dot\u00e9 d\u2019un profil directionnel, \u00e9quip\u00e9 de bourrelets de protection au sommet des flancs et de pare-jantes, il offre une bonne r\u00e9sistance aux chocs et pr\u00e9sente des \u00e9paulements agressifs pour un grip lat\u00e9ral maximum. Sa capacit\u00e9 de traction [&hellip;]<\/p>\n","protected":false},"featured_media":7566,"template":"","meta":[],"product_brand":[],"product_cat":[91],"product_tag":[],"class_list":{"0":"post-7770","1":"product","2":"type-product","3":"status-publish","4":"has-post-thumbnail","6":"product_cat-4x4-suv","8":"first","9":"instock","10":"shipping-taxable","11":"product-type-simple"},"_links":{"self":[{"href":"https:\/\/black-star.fr\/en\/wp-json\/wp\/v2\/product\/7770","targetHints":{"allow":["GET"]}}],"collection":[{"href":"https:\/\/black-star.fr\/en\/wp-json\/wp\/v2\/product"}],"about":[{"href":"https:\/\/black-star.fr\/en\/wp-json\/wp\/v2\/types\/product"}],"wp:featuredmedia":[{"embeddable":true,"href":"https:\/\/black-star.fr\/en\/wp-json\/wp\/v2\/media\/7566"}],"wp:attachment":[{"href":"https:\/\/black-star.fr\/en\/wp-json\/wp\/v2\/media?parent=7770"}],"wp:term":[{"taxonomy":"product_brand","embeddable":true,"href":"https:\/\/black-star.fr\/en\/wp-json\/wp\/v2\/product_brand?post=7770"},{"taxonomy":"product_cat","embeddable":true,"href":"https:\/\/black-star.fr\/en\/wp-json\/wp\/v2\/product_cat?post=7770"},{"taxonomy":"product_tag","embeddable":true,"href":"https:\/\/black-star.fr\/en\/wp-json\/wp\/v2\/product_tag?post=7770"}],"curies":[{"name":"wp","href":"https:\/\/api.w.org\/{rel}","templated":true}]}}