{"id":7756,"date":"2023-03-29T14:53:30","date_gmt":"2023-03-29T14:53:30","guid":{"rendered":"http:\/\/www.black-star.ovh\/fr\/produit\/cross\/"},"modified":"2023-03-29T14:53:30","modified_gmt":"2023-03-29T14:53:30","slug":"cross","status":"publish","type":"product","link":"https:\/\/black-star.fr\/en\/fr\/produit\/cross\/","title":{"rendered":"CROSS"},"content":{"rendered":"<p>This Crossing tyre (level 9) is reserved for OFF-ROAD use (most often in competition and trials). Its tread alternates rows of very prominent blocks arranged in staggered rows. Its shoulder studs, protruding from the structure, optimize its footprint on the ground while preserving the carrying area from lateral attacks. A devilish grip for hellish trials!<\/p>","protected":false},"excerpt":{"rendered":"<p>Ce pneu de franchissement (niveau 9) est r\u00e9serv\u00e9 \u00e0 une utilisation OFF-ROAD (le plus souvent en comp\u00e9tition et en trial). Sa bande de roulement alterne des rang\u00e9es de pav\u00e9s tr\u00e8s pro\u00e9minents dispos\u00e9s en quinconce. Ses crampons d&rsquo;\u00e9paulements, en saillie de la structure, optimisent son empreinte au sol tout en pr\u00e9servant la zone de portage des [&hellip;]<\/p>\n","protected":false},"featured_media":7567,"template":"","meta":[],"product_brand":[],"product_cat":[91],"product_tag":[],"class_list":{"0":"post-7756","1":"product","2":"type-product","3":"status-publish","4":"has-post-thumbnail","6":"product_cat-4x4-suv","8":"first","9":"instock","10":"shipping-taxable","11":"product-type-simple"},"_links":{"self":[{"href":"https:\/\/black-star.fr\/en\/wp-json\/wp\/v2\/product\/7756","targetHints":{"allow":["GET"]}}],"collection":[{"href":"https:\/\/black-star.fr\/en\/wp-json\/wp\/v2\/product"}],"about":[{"href":"https:\/\/black-star.fr\/en\/wp-json\/wp\/v2\/types\/product"}],"wp:featuredmedia":[{"embeddable":true,"href":"https:\/\/black-star.fr\/en\/wp-json\/wp\/v2\/media\/7567"}],"wp:attachment":[{"href":"https:\/\/black-star.fr\/en\/wp-json\/wp\/v2\/media?parent=7756"}],"wp:term":[{"taxonomy":"product_brand","embeddable":true,"href":"https:\/\/black-star.fr\/en\/wp-json\/wp\/v2\/product_brand?post=7756"},{"taxonomy":"product_cat","embeddable":true,"href":"https:\/\/black-star.fr\/en\/wp-json\/wp\/v2\/product_cat?post=7756"},{"taxonomy":"product_tag","embeddable":true,"href":"https:\/\/black-star.fr\/en\/wp-json\/wp\/v2\/product_tag?post=7756"}],"curies":[{"name":"wp","href":"https:\/\/api.w.org\/{rel}","templated":true}]}}