{"id":7485,"date":"2023-03-28T11:26:59","date_gmt":"2023-03-28T11:26:59","guid":{"rendered":"http:\/\/www.black-star.ovh\/?page_id=7485"},"modified":"2026-01-26T11:27:19","modified_gmt":"2026-01-26T11:27:19","slug":"pneu-leonard","status":"publish","type":"page","link":"https:\/\/black-star.fr\/en\/pneu-leonard\/","title":{"rendered":"LEONARD TYRES"},"content":{"rendered":"<div style=\"height:20px\" aria-hidden=\"true\" class=\"wp-block-spacer\"><\/div>\n\n\n<\/p>\n\n\n\n<figure class=\"wp-block-video\"><video height=\"1080\" style=\"aspect-ratio: 1920 \/ 1080;\" width=\"1920\" controls src=\"https:\/\/black-star.fr\/wp-content\/uploads\/2026\/01\/Leonard_Summer_UK_2024-ok.mp4\"><\/video><\/figure>\n\n\n<p>\n\n\n\n\n\n\n<h3 class=\"wp-block-heading\">LEONARD. The tyre makes its revolution.<\/h3>\n\n\n\n<h3 class=\"wp-block-heading\">THE circular revolution !<\/h3>\n\n\n\n<div class=\"wp-block-pb-accordion-item c-accordion__item js-accordion-item no-js center\" data-initially-open=\"false\" data-click-to-close=\"true\" data-auto-close=\"true\" data-scroll=\"false\" data-scroll-offset=\"0\"><h4 id=\"at-74850\" class=\"c-accordion__title js-accordion-controller\" role=\"button\">&gt;&gt; Read more<\/h4><div id=\"ac-74850\" class=\"c-accordion__content\">\n<p>To completely rethink the way we produce, sell and use tyres.<\/p>\n\n\n\n<p>To convert a linear activity that did not close the loop to the circular economy.<\/p>\n\n\n\n<p>To reuse materials from thousands of used tyres.<\/p>\n\n\n\n<p>To reinvest in France an industrial know-how that has long been disregarded: tyre retread?<\/p>\n\n\n\n<p>To offer everyone, professionals, professional clients and individuals, a reliable and proven alternative.<\/p>\n\n\n\n<p>So yes, Leonard is revolutionizing the tyre, to make it always possible to circulate freely.<\/p>\n\n\n\n<p>To go to school, to work on vacation, wherever you want! For a long time.<\/p>\n\n\n\n<p>For today and for tomorrow.<\/p>\n<\/div><\/div>\n\n\n\n<div style=\"height:20px\" aria-hidden=\"true\" class=\"wp-block-spacer\"><\/div>\n\n\n\n<h2 class=\"wp-block-heading center-underline\">WHAT IS THE LEONARD TYRE ?<\/h2>\n\n\n\n<p>The Leonard tyre is :<\/p>\n\n\n\n<ul class=\"wp-block-list\">\n<li><strong>a large-scale remanufactured tyre for the general public (passenger vehicles and utility vehicles)<\/strong><\/li>\n\n\n\n<li><strong>a tyre manufactured using a reconditioning \/ remanufacturing process that guarantees high standards of quality and performance.<\/strong><\/li>\n\n\n\n<li><strong>a tyre that promotes reuse: reuse of material, of an industrial site and of local know-how. <\/strong><\/li>\n<\/ul>\n\n\n\n<p>By purchasing Leonard tyres, you are purchasing products that have been produced locally with reused materials and you are contributing to the life of a region and its industry.<\/p>\n\n\n\n<div style=\"height:20px\" aria-hidden=\"true\" class=\"wp-block-spacer\"><\/div>\n\n\n\n<h3 class=\"wp-block-heading has-text-align-center\">The 4 pillars of the LEONARD tyre<\/h3>\n\n\n\n<div style=\"height:20px\" aria-hidden=\"true\" class=\"wp-block-spacer\"><\/div>\n\n\n\n<div class=\"wp-block-columns is-layout-flex wp-container-core-columns-is-layout-9d6595d7 wp-block-columns-is-layout-flex\">\n<div class=\"wp-block-column is-layout-flow wp-block-column-is-layout-flow\"><div class=\"wp-block-image is-resized\">\n<figure class=\"aligncenter size-full\"><img loading=\"lazy\" decoding=\"async\" width=\"299\" height=\"299\" src=\"https:\/\/black-star.fr\/wp-content\/uploads\/2026\/01\/Logo_Leonard_FR_MADE-FAB_2026_Plan-de-travail-1.png\" alt=\"\" class=\"wp-image-28674\" srcset=\"https:\/\/black-star.fr\/wp-content\/uploads\/2026\/01\/Logo_Leonard_FR_MADE-FAB_2026_Plan-de-travail-1.png 299w, https:\/\/black-star.fr\/wp-content\/uploads\/2026\/01\/Logo_Leonard_FR_MADE-FAB_2026_Plan-de-travail-1-150x150.png 150w, https:\/\/black-star.fr\/wp-content\/uploads\/2026\/01\/Logo_Leonard_FR_MADE-FAB_2026_Plan-de-travail-1-12x12.png 12w, https:\/\/black-star.fr\/wp-content\/uploads\/2026\/01\/Logo_Leonard_FR_MADE-FAB_2026_Plan-de-travail-1-100x100.png 100w\" sizes=\"auto, (max-width: 299px) 100vw, 299px\" \/><\/figure>\n<\/div>\n\n\n<p class=\"has-text-align-center\"><strong>1. French<\/strong><\/p>\n\n\n\n<p class=\"has-text-align-center\">2 remanufacturing plants in France<\/p>\n\n\n\n<p class=\"has-text-align-center\">Industrial know-how<\/p>\n\n\n\n<p class=\"has-text-align-center\">Local employment<\/p>\n<\/div>\n\n\n\n<div class=\"wp-block-column is-layout-flow wp-block-column-is-layout-flow\"><div class=\"wp-block-image is-resized\">\n<figure class=\"aligncenter size-full\"><img loading=\"lazy\" decoding=\"async\" width=\"2100\" height=\"2100\" src=\"https:\/\/black-star.fr\/wp-content\/uploads\/2026\/01\/ICONES_FR_20240926_MATIERE-REUTILISEE.png\" alt=\"\" class=\"wp-image-28675\" srcset=\"https:\/\/black-star.fr\/wp-content\/uploads\/2026\/01\/ICONES_FR_20240926_MATIERE-REUTILISEE.png 2100w, https:\/\/black-star.fr\/wp-content\/uploads\/2026\/01\/ICONES_FR_20240926_MATIERE-REUTILISEE-150x150.png 150w, https:\/\/black-star.fr\/wp-content\/uploads\/2026\/01\/ICONES_FR_20240926_MATIERE-REUTILISEE-768x768.png 768w, https:\/\/black-star.fr\/wp-content\/uploads\/2026\/01\/ICONES_FR_20240926_MATIERE-REUTILISEE-1536x1536.png 1536w, https:\/\/black-star.fr\/wp-content\/uploads\/2026\/01\/ICONES_FR_20240926_MATIERE-REUTILISEE-2048x2048.png 2048w, https:\/\/black-star.fr\/wp-content\/uploads\/2026\/01\/ICONES_FR_20240926_MATIERE-REUTILISEE-12x12.png 12w, https:\/\/black-star.fr\/wp-content\/uploads\/2026\/01\/ICONES_FR_20240926_MATIERE-REUTILISEE-300x300.png 300w, https:\/\/black-star.fr\/wp-content\/uploads\/2026\/01\/ICONES_FR_20240926_MATIERE-REUTILISEE-600x600.png 600w, https:\/\/black-star.fr\/wp-content\/uploads\/2026\/01\/ICONES_FR_20240926_MATIERE-REUTILISEE-100x100.png 100w\" sizes=\"auto, (max-width: 2100px) 100vw, 2100px\" \/><\/figure>\n<\/div>\n\n\n<p class=\"has-text-align-center\"><strong>2. <strong> Material reuse<\/strong><\/strong><\/p>\n\n\n\n<p class=\"has-text-align-center\">60% of material reused on average<\/p>\n\n\n\n<p class=\"has-text-align-center\">(Internal study January 2026 \u2013 based on a weighted sample of tyres produced in B\u00e9thune)<\/p>\n<\/div>\n\n\n\n<div class=\"wp-block-column is-layout-flow wp-block-column-is-layout-flow\"><div class=\"wp-block-image is-resized\">\n<figure class=\"aligncenter size-full\"><img loading=\"lazy\" decoding=\"async\" width=\"2100\" height=\"2100\" src=\"https:\/\/black-star.fr\/wp-content\/uploads\/2024\/11\/ICONES_EN_20240926_Plan-de-travail-1-copie-2.jpg\" alt=\"\" class=\"wp-image-28360\" srcset=\"https:\/\/black-star.fr\/wp-content\/uploads\/2024\/11\/ICONES_EN_20240926_Plan-de-travail-1-copie-2.jpg 2100w, https:\/\/black-star.fr\/wp-content\/uploads\/2024\/11\/ICONES_EN_20240926_Plan-de-travail-1-copie-2-150x150.jpg 150w, https:\/\/black-star.fr\/wp-content\/uploads\/2024\/11\/ICONES_EN_20240926_Plan-de-travail-1-copie-2-768x768.jpg 768w, https:\/\/black-star.fr\/wp-content\/uploads\/2024\/11\/ICONES_EN_20240926_Plan-de-travail-1-copie-2-1536x1536.jpg 1536w, https:\/\/black-star.fr\/wp-content\/uploads\/2024\/11\/ICONES_EN_20240926_Plan-de-travail-1-copie-2-2048x2048.jpg 2048w, https:\/\/black-star.fr\/wp-content\/uploads\/2024\/11\/ICONES_EN_20240926_Plan-de-travail-1-copie-2-12x12.jpg 12w, https:\/\/black-star.fr\/wp-content\/uploads\/2024\/11\/ICONES_EN_20240926_Plan-de-travail-1-copie-2-300x300.jpg 300w, https:\/\/black-star.fr\/wp-content\/uploads\/2024\/11\/ICONES_EN_20240926_Plan-de-travail-1-copie-2-600x600.jpg 600w, https:\/\/black-star.fr\/wp-content\/uploads\/2024\/11\/ICONES_EN_20240926_Plan-de-travail-1-copie-2-100x100.jpg 100w\" sizes=\"auto, (max-width: 2100px) 100vw, 2100px\" \/><\/figure>\n<\/div>\n\n\n<p class=\"has-text-align-center\"><strong>3. Quality and Security<\/strong><\/p>\n\n\n\n<p class=\"has-text-align-center\">Thanks to a premium industrial tool.<\/p>\n\n\n\n<p class=\"has-text-align-center\">Quality control in 4 steps<\/p>\n\n\n\n<p class=\"has-text-align-center\">Performance comparable to that of a new tyre (UTAC 2023 comparative test test)<\/p>\n<\/div>\n\n\n\n<div class=\"wp-block-column is-layout-flow wp-block-column-is-layout-flow\"><div class=\"wp-block-image is-resized\">\n<figure class=\"aligncenter size-full\"><img loading=\"lazy\" decoding=\"async\" width=\"2100\" height=\"2100\" src=\"https:\/\/black-star.fr\/wp-content\/uploads\/2024\/11\/ICONES_EN_20240926_Plan-de-travail-1-copie-3.jpg\" alt=\"\" class=\"wp-image-28378\" srcset=\"https:\/\/black-star.fr\/wp-content\/uploads\/2024\/11\/ICONES_EN_20240926_Plan-de-travail-1-copie-3.jpg 2100w, https:\/\/black-star.fr\/wp-content\/uploads\/2024\/11\/ICONES_EN_20240926_Plan-de-travail-1-copie-3-150x150.jpg 150w, https:\/\/black-star.fr\/wp-content\/uploads\/2024\/11\/ICONES_EN_20240926_Plan-de-travail-1-copie-3-768x768.jpg 768w, https:\/\/black-star.fr\/wp-content\/uploads\/2024\/11\/ICONES_EN_20240926_Plan-de-travail-1-copie-3-1536x1536.jpg 1536w, https:\/\/black-star.fr\/wp-content\/uploads\/2024\/11\/ICONES_EN_20240926_Plan-de-travail-1-copie-3-2048x2048.jpg 2048w, https:\/\/black-star.fr\/wp-content\/uploads\/2024\/11\/ICONES_EN_20240926_Plan-de-travail-1-copie-3-12x12.jpg 12w, https:\/\/black-star.fr\/wp-content\/uploads\/2024\/11\/ICONES_EN_20240926_Plan-de-travail-1-copie-3-300x300.jpg 300w, https:\/\/black-star.fr\/wp-content\/uploads\/2024\/11\/ICONES_EN_20240926_Plan-de-travail-1-copie-3-600x600.jpg 600w, https:\/\/black-star.fr\/wp-content\/uploads\/2024\/11\/ICONES_EN_20240926_Plan-de-travail-1-copie-3-100x100.jpg 100w\" sizes=\"auto, (max-width: 2100px) 100vw, 2100px\" \/><\/figure>\n<\/div>\n\n\n<p class=\"has-text-align-center\"><strong>4. 4 year warranty<\/strong><\/p>\n\n\n\n<p class=\"has-text-align-center\">4-year commercial warranty<\/p>\n\n\n\n<p class=\"has-text-align-center\">The warranty covers any manufacturing and material defects in our tyres.<\/p>\n<\/div>\n<\/div>\n\n\n\n<figure class=\"wp-block-gallery has-nested-images columns-default is-cropped wp-block-gallery-1 is-layout-flex wp-block-gallery-is-layout-flex\">\n<figure class=\"wp-block-image size-full\"><img loading=\"lazy\" decoding=\"async\" width=\"1485\" height=\"2100\" data-id=\"28701\" src=\"https:\/\/black-star.fr\/wp-content\/uploads\/2026\/01\/Affiche-A4_20260126_LEONARD-4-piliers_EN.jpg\" alt=\"\" class=\"wp-image-28701\" srcset=\"https:\/\/black-star.fr\/wp-content\/uploads\/2026\/01\/Affiche-A4_20260126_LEONARD-4-piliers_EN.jpg 1240w, https:\/\/black-star.fr\/wp-content\/uploads\/2026\/01\/Affiche-A4_20260126_LEONARD-4-piliers_EN-768x1086.jpg 768w, https:\/\/black-star.fr\/wp-content\/uploads\/2026\/01\/Affiche-A4_20260126_LEONARD-4-piliers_EN-1086x1536.jpg 1086w, https:\/\/black-star.fr\/wp-content\/uploads\/2026\/01\/Affiche-A4_20260126_LEONARD-4-piliers_EN-8x12.jpg 8w, https:\/\/black-star.fr\/wp-content\/uploads\/2026\/01\/Affiche-A4_20260126_LEONARD-4-piliers_EN-600x849.jpg 600w\" sizes=\"auto, (max-width: 1485px) 100vw, 1485px\" \/><\/figure>\n\n\n\n<figure class=\"wp-block-image size-full\"><img loading=\"lazy\" decoding=\"async\" width=\"1485\" height=\"2100\" data-id=\"28694\" src=\"https:\/\/black-star.fr\/wp-content\/uploads\/2026\/01\/Affiche-Leonard-6-etapes_EN.jpg\" alt=\"\" class=\"wp-image-28694\" srcset=\"https:\/\/black-star.fr\/wp-content\/uploads\/2026\/01\/Affiche-Leonard-6-etapes_EN.jpg 707w, https:\/\/black-star.fr\/wp-content\/uploads\/2026\/01\/Affiche-Leonard-6-etapes_EN-8x12.jpg 8w, https:\/\/black-star.fr\/wp-content\/uploads\/2026\/01\/Affiche-Leonard-6-etapes_EN-600x849.jpg 600w\" sizes=\"auto, (max-width: 1485px) 100vw, 1485px\" \/><\/figure>\n<\/figure>\n\n\n\n<h2 class=\"wp-block-heading center-underline\">The French tyre \"Made in B\u00e9thune\"<\/h2>\n\n\n\n<p> Black Star has decided to deploy, in B\u00e9thune, an integrated ecosystem serving the second life of tyres, on the industrial site of the former manufacturer Bridgestone.<\/p>\n\n\n\n<p>Thus, it benefits from a valuable business opportunity, relying on the enthusiasm of men and women who know the trade, the site, and the equipment. These are invaluable advantages for producing a quality remanufactured tyre.<\/p>\n\n\n\n<p>Leonard is a tyre serving a cause that contributes to: <\/p>\n\n\n\n<ul class=\"wp-block-list\">\n<li>Reindustrialization of an industrial site in Hauts-de-France.<\/li>\n\n\n\n<li>Revitalizing the employment area: generating sustainable and non-relocatable local employment, employment compatible with the skills of former Bridgestone employees, recruitment method by simulation.<\/li>\n<\/ul>\n\n\n\n<h2 class=\"wp-block-heading center-underline\">Reused material<\/h2>\n\n\n\n<p>Leonard tyres are made from recycled material.<\/p>\n\n\n\n<p>On average, 60% of each Leonard tyre comes from used tyres (Internal analysis \u2013 January 2026: average established on the basis of a weighted sample of 145,000 Leonard tyres produced in B\u00e9thune between June 2024 and December 2025).<br>This represents approximately 5.75 kg of reused material per tyre, which is equivalent to the amount of raw materials saved.<br>The parts of the tyre casing that are not reused are entirely transformed into powder for other uses by a specialized service provider. The used tyre is thus fully recovered (100%).<\/p>\n\n\n\n<p>Unlike a new tyre, a reconditioned tyre converts waste into a resource, thus fitting into a circular economy model.<\/p>\n\n\n\n<p><\/p>\n\n\n\n<p><\/p>\n\n\n\n<figure class=\"wp-block-image size-full\"><img loading=\"lazy\" decoding=\"async\" width=\"1671\" height=\"874\" src=\"https:\/\/black-star.fr\/wp-content\/uploads\/2026\/01\/1.-BLACK-STAR-Vue-aerienne-Usine-Bethune.jpg\" alt=\"\" class=\"wp-image-28679\" srcset=\"https:\/\/black-star.fr\/wp-content\/uploads\/2026\/01\/1.-BLACK-STAR-Vue-aerienne-Usine-Bethune.jpg 1671w, https:\/\/black-star.fr\/wp-content\/uploads\/2026\/01\/1.-BLACK-STAR-Vue-aerienne-Usine-Bethune-768x402.jpg 768w, https:\/\/black-star.fr\/wp-content\/uploads\/2026\/01\/1.-BLACK-STAR-Vue-aerienne-Usine-Bethune-1536x803.jpg 1536w, https:\/\/black-star.fr\/wp-content\/uploads\/2026\/01\/1.-BLACK-STAR-Vue-aerienne-Usine-Bethune-18x9.jpg 18w, https:\/\/black-star.fr\/wp-content\/uploads\/2026\/01\/1.-BLACK-STAR-Vue-aerienne-Usine-Bethune-600x314.jpg 600w\" sizes=\"auto, (max-width: 1671px) 100vw, 1671px\" \/><\/figure>\n\n\n\n<div style=\"height:20px\" aria-hidden=\"true\" class=\"wp-block-spacer\"><\/div>\n\n\n\n<h2 class=\"wp-block-heading center-underline\">Performance comparable to that of the new tyre<\/h2>\n\n\n\n<p>Subject to specific European regulations, but very similar to a new tyre, quality and safety remain the glue in the design of the Leonard tyre. Their manufacture complies with UNECE Regulation No. 108 establishing uniform requirements for the approval of the manufacture of retreaded tires for motor vehicles and UNECE Regulation No. 109 establishing uniform requirements for the approval of the manufacture of tires retreaded for utility vehicles and their trailers.<\/p>\n\n\n\n<p>In B\u00e9thune, we have inherited know-how and premium industrial tools (equivalent to that of a new major brand tyre).<\/p>\n\n\n\n<p>The rubber compounds are exclusive and developed in conjunction with a new tyre manufacturer. Their extrusion respects precise dimensions to ensure perfect regularity of the tyre circumference. A bonding sheet based on natural rubber, without synthetic rubber, allows the new material to achieve a tear resistance that is 30 to 80% higher than the orbitread process, as demonstrated by internal comparative tests and those carried out at the LRCCP.<\/p>\n\n\n\n<p>Before being marketed, 100% of finished products must undergo a 4-step quality control process (visual inspection, unbalance inspection, uniformity inspection and shearography inspection), one more step than for a new tyre.<\/p>\n\n\n\n<p>Leonard tyres are subject to load\/speed endurance tests approved by the UTAC organization. The endurance tests required are strictly identical to those carried out on new tyres.<\/p>\n\n\n\n<p>Below are the results of the measurements of the Leonard tyres (205\/55R16 91V) in comparison with premium brand and budget brand tyres (European production) made by UTAC (2023) on the Mortefontaine track.<\/p>\n\n\n\n<div style=\"height:20px\" aria-hidden=\"true\" class=\"wp-block-spacer\"><\/div>\n\n\n\n<div class=\"wp-block-columns is-layout-flex wp-container-core-columns-is-layout-9d6595d7 wp-block-columns-is-layout-flex\">\n<div class=\"wp-block-column is-layout-flow wp-block-column-is-layout-flow\">\n<p class=\"has-text-align-center\"><strong>Obstacle avoidance Test<br>(VDA)<\/strong><\/p>\n\n\n\n<figure class=\"wp-block-table\"><table><tbody><tr><td>LEONARD<\/td><td>68,0 Km\/h<\/td><td>101,50%<\/td><\/tr><tr><td>PREMIUM<\/td><td>67,0 Km\/h<\/td><td>100,00%<\/td><\/tr><tr><td>BUDGET (EU)<\/td><td>67,0 Km\/h<\/td><td>100,00%<\/td><\/tr><\/tbody><\/table><figcaption class=\"wp-element-caption\">&gt;100% means best performance<\/figcaption><\/figure>\n<\/div>\n\n\n\n<div class=\"wp-block-column is-layout-flow wp-block-column-is-layout-flow\">\n<p class=\"has-text-align-center\"><strong>Wet braking<\/strong><br><strong>(80Km\/h \u2192 0Km\/h)<\/strong><\/p>\n\n\n\n<figure class=\"wp-block-table\"><table><tbody><tr><td>PREMIUM<\/td><td>32,55 m<\/td><td>100,00%<\/td><\/tr><tr><td>LEONARD<\/td><td>32,66 m<\/td><td>99,60%<\/td><\/tr><tr><td>BUDGET (EU)<\/td><td>33,79 m<\/td><td>96,90%<\/td><\/tr><\/tbody><\/table><\/figure>\n<\/div>\n\n\n\n<div class=\"wp-block-column is-layout-flow wp-block-column-is-layout-flow\">\n<p class=\"has-text-align-center\"><strong>Dry braking<br>(100Km\/h \u2192 0Km\/h)<\/strong><\/p>\n\n\n\n<figure class=\"wp-block-table\"><table><tbody><tr><td>PREMIUM<\/td><td>40,67 m<\/td><td>100,00%<\/td><\/tr><tr><td>BUDGET (EU)<\/td><td>41,90 m<\/td><td>97,10%<\/td><\/tr><tr><td>LEONARD<\/td><td>43,16 m<\/td><td>93,80%<\/td><\/tr><\/tbody><\/table><\/figure>\n<\/div>\n<\/div>\n\n\n\n<div style=\"height:20px\" aria-hidden=\"true\" class=\"wp-block-spacer\"><\/div>\n\n\n\n<figure class=\"wp-block-video\"><video height=\"2160\" style=\"aspect-ratio: 3840 \/ 2160;\" width=\"3840\" controls src=\"https:\/\/black-star.fr\/wp-content\/uploads\/2026\/01\/Test-freinage-UTAC-BLACK-STAR-OK.mp4\"><\/video><\/figure>\n\n\n\n<div style=\"height:20px\" aria-hidden=\"true\" class=\"wp-block-spacer\"><\/div>\n\n\n\n<h2 class=\"wp-block-heading center-underline\">Quality guaranteed for 4 years<\/h2>\n\n\n\n<p>We are so confident in the quality of our tyres that we offer a 4-year warranty. The warranty covers any manufacturing and material defects in our tyres (see details of the terms and conditions of this warranty at: www.black-star.fr\/en\/mentions-legales).<\/p>\n\n\n\n<div style=\"height:20px\" aria-hidden=\"true\" class=\"wp-block-spacer\"><\/div>\n\n\n\n<h2 class=\"wp-block-heading center-underline\">A complete range<\/h2>\n\n\n<div class=\"wp-block-image is-resized\">\n<figure class=\"alignright size-full\"><img loading=\"lazy\" decoding=\"async\" width=\"1200\" height=\"1346\" src=\"http:\/\/www.black-star.ovh\/wp-content\/uploads\/2023\/03\/Leonard_Orange_profil.jpg\" alt=\"\" class=\"wp-image-7997\" srcset=\"https:\/\/black-star.fr\/wp-content\/uploads\/2023\/03\/Leonard_Orange_profil.jpg 1200w, https:\/\/black-star.fr\/wp-content\/uploads\/2023\/03\/Leonard_Orange_profil-768x861.jpg 768w, https:\/\/black-star.fr\/wp-content\/uploads\/2023\/03\/Leonard_Orange_profil-600x673.jpg 600w\" sizes=\"auto, (max-width: 1200px) 100vw, 1200px\" \/><\/figure>\n<\/div>\n\n\n<p><\/p>\n\n\n\n<p>The Leonard tyre is a quality reconditioned tyre for passenger and utility vehicles.<\/p>\n\n\n\n<p>It is made from recycled materials (used tyre casings). It offers good grip and optimal safety, and guarantees a low level of rolling resistance.<\/p>\n\n\n\n<p>The Leonard tyre is available in 4 different profiles: 4 Seasons for passenger cars and SUVs, 4 seasons for utility vehicles and two summer profiles (Summer 01 and 02) for passenger cars.&nbsp;<\/p>\n\n\n\n<p>The 4 summer profiles are designed for dynamic and safe driving with excellent handling and maximum grip. The 4-season tyre offers a perfect combination of performance on dry and wet roads as well as on snow and ice. It also has excellent resistance to aquaplaning. LEONARD 4-season reconditioned tyres (passenger and utility) fall under the \u201c3PMSF\u201d (3 Peak Mountain Snow Flake) designation in compliance with the Mountain Law from November 1 to March 31, in certain mountainous areas.&nbsp;<\/p>\n\n\n\n<p>The Leonard tyre is available in a wide range of sizes and pressures. <\/p>\n\n\n\n<p><\/p>\n\n\n\n<div style=\"height:20px\" aria-hidden=\"true\" class=\"wp-block-spacer\"><\/div>\n\n\n\n<div class=\"wp-block-columns is-layout-flex wp-container-core-columns-is-layout-9d6595d7 wp-block-columns-is-layout-flex\">\n<div class=\"wp-block-column is-layout-flow wp-block-column-is-layout-flow\">\n<figure class=\"wp-block-image size-full\"><img loading=\"lazy\" decoding=\"async\" width=\"1200\" height=\"1600\" src=\"https:\/\/black-star.fr\/wp-content\/uploads\/2023\/04\/Leonard_Orange_face-Tourisme-Ete.jpg\" alt=\"\" class=\"wp-image-15153\" srcset=\"https:\/\/black-star.fr\/wp-content\/uploads\/2023\/04\/Leonard_Orange_face-Tourisme-Ete.jpg 1200w, https:\/\/black-star.fr\/wp-content\/uploads\/2023\/04\/Leonard_Orange_face-Tourisme-Ete-768x1024.jpg 768w, https:\/\/black-star.fr\/wp-content\/uploads\/2023\/04\/Leonard_Orange_face-Tourisme-Ete-1152x1536.jpg 1152w, https:\/\/black-star.fr\/wp-content\/uploads\/2023\/04\/Leonard_Orange_face-Tourisme-Ete-9x12.jpg 9w, https:\/\/black-star.fr\/wp-content\/uploads\/2023\/04\/Leonard_Orange_face-Tourisme-Ete-600x800.jpg 600w\" sizes=\"auto, (max-width: 1200px) 100vw, 1200px\" \/><\/figure>\n\n\n\n<p class=\"has-text-align-center\"><strong>Summer profile for passenger cars<\/strong><\/p>\n<\/div>\n\n\n\n<div class=\"wp-block-column is-layout-flow wp-block-column-is-layout-flow\">\n<figure class=\"wp-block-image size-full\"><img loading=\"lazy\" decoding=\"async\" width=\"1200\" height=\"1600\" src=\"https:\/\/black-star.fr\/wp-content\/uploads\/2023\/04\/Leonard_Vert_face-Tourisme-4-saisons.jpg\" alt=\"\" class=\"wp-image-15154\" srcset=\"https:\/\/black-star.fr\/wp-content\/uploads\/2023\/04\/Leonard_Vert_face-Tourisme-4-saisons.jpg 1200w, https:\/\/black-star.fr\/wp-content\/uploads\/2023\/04\/Leonard_Vert_face-Tourisme-4-saisons-768x1024.jpg 768w, https:\/\/black-star.fr\/wp-content\/uploads\/2023\/04\/Leonard_Vert_face-Tourisme-4-saisons-1152x1536.jpg 1152w, https:\/\/black-star.fr\/wp-content\/uploads\/2023\/04\/Leonard_Vert_face-Tourisme-4-saisons-9x12.jpg 9w, https:\/\/black-star.fr\/wp-content\/uploads\/2023\/04\/Leonard_Vert_face-Tourisme-4-saisons-600x800.jpg 600w\" sizes=\"auto, (max-width: 1200px) 100vw, 1200px\" \/><\/figure>\n\n\n\n<p class=\"has-text-align-center\"><strong>4 Seasons for passenger cars and SUVs<\/strong><\/p>\n<\/div>\n\n\n\n<div class=\"wp-block-column is-layout-flow wp-block-column-is-layout-flow\">\n<figure class=\"wp-block-image size-full\"><img loading=\"lazy\" decoding=\"async\" width=\"1200\" height=\"1600\" src=\"https:\/\/black-star.fr\/wp-content\/uploads\/2023\/04\/Leonard_Noir_face-Utilitaire-4-saisons.jpg\" alt=\"\" class=\"wp-image-15155\" srcset=\"https:\/\/black-star.fr\/wp-content\/uploads\/2023\/04\/Leonard_Noir_face-Utilitaire-4-saisons.jpg 1200w, https:\/\/black-star.fr\/wp-content\/uploads\/2023\/04\/Leonard_Noir_face-Utilitaire-4-saisons-768x1024.jpg 768w, https:\/\/black-star.fr\/wp-content\/uploads\/2023\/04\/Leonard_Noir_face-Utilitaire-4-saisons-1152x1536.jpg 1152w, https:\/\/black-star.fr\/wp-content\/uploads\/2023\/04\/Leonard_Noir_face-Utilitaire-4-saisons-9x12.jpg 9w, https:\/\/black-star.fr\/wp-content\/uploads\/2023\/04\/Leonard_Noir_face-Utilitaire-4-saisons-600x800.jpg 600w\" sizes=\"auto, (max-width: 1200px) 100vw, 1200px\" \/><\/figure>\n\n\n\n<p class=\"has-text-align-center\"><strong>4 seasons for utility vehicles<\/strong><\/p>\n<\/div>\n<\/div>\n\n\n\n<div style=\"height:20px\" aria-hidden=\"true\" class=\"wp-block-spacer\"><\/div>\n\n\n\n<div class=\"wp-block-buttons is-layout-flex wp-block-buttons-is-layout-flex\">\n<div class=\"wp-block-button aligncenter\"><a class=\"wp-block-button__link wp-element-button\" href=\"https:\/\/black-star.fr\/notre-offre\/\">OUR OFFER<\/a><\/div>\n<\/div>","protected":false},"excerpt":{"rendered":"<p>LEONARD. Le pneu fait sa r\u00e9volution Une r\u00e9volution oui, LA r\u00e9volution circulaire&nbsp;! Le pneu Leonard, c\u2019est quoi&nbsp;? Le pneu L\u00e9onard est, En achetant des pneus L\u00e9onard, vous achetez des produits qui ont \u00e9t\u00e9 produits localement avec des mat\u00e9riaux r\u00e9utilis\u00e9s et vous contribuez \u00e0 faire vivre une r\u00e9gion et son industrie. Les 4 piliers du pneu [&hellip;]<\/p>\n","protected":false},"author":11,"featured_media":28697,"parent":0,"menu_order":0,"comment_status":"closed","ping_status":"closed","template":"page-marges.php","meta":{"footnotes":""},"class_list":["post-7485","page","type-page","status-publish","has-post-thumbnail","hentry"],"_links":{"self":[{"href":"https:\/\/black-star.fr\/en\/wp-json\/wp\/v2\/pages\/7485","targetHints":{"allow":["GET"]}}],"collection":[{"href":"https:\/\/black-star.fr\/en\/wp-json\/wp\/v2\/pages"}],"about":[{"href":"https:\/\/black-star.fr\/en\/wp-json\/wp\/v2\/types\/page"}],"author":[{"embeddable":true,"href":"https:\/\/black-star.fr\/en\/wp-json\/wp\/v2\/users\/11"}],"replies":[{"embeddable":true,"href":"https:\/\/black-star.fr\/en\/wp-json\/wp\/v2\/comments?post=7485"}],"version-history":[{"count":21,"href":"https:\/\/black-star.fr\/en\/wp-json\/wp\/v2\/pages\/7485\/revisions"}],"predecessor-version":[{"id":28707,"href":"https:\/\/black-star.fr\/en\/wp-json\/wp\/v2\/pages\/7485\/revisions\/28707"}],"wp:featuredmedia":[{"embeddable":true,"href":"https:\/\/black-star.fr\/en\/wp-json\/wp\/v2\/media\/28697"}],"wp:attachment":[{"href":"https:\/\/black-star.fr\/en\/wp-json\/wp\/v2\/media?parent=7485"}],"curies":[{"name":"wp","href":"https:\/\/api.w.org\/{rel}","templated":true}]}}