{"id":3,"date":"2019-06-07T15:08:39","date_gmt":"2019-06-07T15:08:39","guid":{"rendered":"https:\/\/black-star.ovh\/?page_id=3"},"modified":"2026-03-31T09:31:14","modified_gmt":"2026-03-31T09:31:14","slug":"mentions-legales","status":"publish","type":"page","link":"https:\/\/black-star.fr\/en\/mentions-legales\/","title":{"rendered":"Legal notice"},"content":{"rendered":"<h3 class=\"wp-block-heading\">Site editor \u00a0 <strong>:<\/strong><\/h3>\r\n\r\n\r\n\r\n<p><strong>BLACK STAR<\/strong><br \/>575 avenue George Washington<br \/>62400 B\u00e9thune FRANCE<\/p>\r\n\r\n\r\n\r\n<p><strong>Phone : <\/strong>+33 (0)4 74 87 18 18<\/p>\r\n\r\n\r\n\r\n<p><strong>Num\u00e9ro de siret\u00a0: <\/strong>31751519500053<\/p>\r\n\r\n\r\n\r\n<p><a href=\"https:\/\/black-star.fr\/mentions-legales\/info@black-star.fr\" target=\"_blank\" rel=\"noreferrer noopener\">info@black-star.fr<\/a><\/p>\r\n\r\n\r\n\r\n<p>Site publication director: Jean-Baptiste PIERET<\/p>\r\n\r\n\r\n\r\n<div class=\"wp-block-spacer\" style=\"height: 20px;\" aria-hidden=\"true\">\u00a0<\/div>\r\n\r\n\r\n\r\n<h3 class=\"wp-block-heading\">Web Hosting :<\/h3>\r\n\r\n\r\n\r\n<p><strong>soci\u00e9t\u00e9 OVH<\/strong><br \/>2 rue Kellermann<br \/>59100 Roubaix \u2013 France<\/p>\r\n\r\n\r\n\r\n<div class=\"wp-block-spacer\" style=\"height: 20px;\" aria-hidden=\"true\">\u00a0<\/div>\r\n\r\n\r\n\r\n<h3 class=\"wp-block-heading\">Website design and updates :<\/h3>\r\n\r\n\r\n\r\n<p><strong>Sharing Cross : <\/strong> <a href=\"https:\/\/sharingcross.fr\/\" target=\"_blank\" rel=\"noreferrer noopener\">https:\/\/sharingcross.fr\/<\/a><\/p>\r\n\r\n\r\n\r\n<p><strong>Epoxi : <\/strong><a href=\"https:\/\/www.epoxi-designer.com\" target=\"_blank\" rel=\"noreferrer noopener\">https:\/\/www.epoxi-designer.com<\/a><\/p>\r\n\r\n\r\n\r\n<div class=\"wp-block-spacer\" style=\"height: 20px;\" aria-hidden=\"true\">\u00a0<\/div>\r\n\r\n\r\n\r\n<h3 class=\"wp-block-heading\">Personal data :\u00a0<\/h3>\r\n<p class=\" translation-block\"><i>In accordance with Regulation (EU) 2016\/679 of April 27, 2016 (GDPR) and Law No. 78-17 of January 6, 1978, as amended, relating to information technology, files, and civil liberties, the <strong>black-star.fr<\/strong> website respects the confidentiality of users' personal data.<\/i><\/p>\r\n<p><i>The only personal data that may be collected on the website is via the contact form. This data is strictly necessary for processing your request and is used solely in the context of exchanges between the user and authorized Black Star personnel, in accordance with its legitimate interest.<\/i><\/p>\r\n<p><i>Under no circumstances is it transferred, exchanged, or resold to third parties.<\/i><\/p>\r\n<p><i>The data is kept for a period not exceeding that necessary for the processing of the request.<\/i><\/p>\r\n<p class=\" translation-block\">In accordance with applicable regulations, you have the right to access, oppose, rectify, erase, limit, and transfer data concerning you, and the right to define guidelines regarding the fate of your personal data in the event that you are no longer able to exercise these rights, by writing to: <a href=\"mailto:dpo@mobivia.com\" target=\"_blank\" rel=\"noopener\">dpo@mobivia.com<\/a>. In the event of a complaint, you have the right to refer the matter to the CNIL.<\/p>\r\n<p>&nbsp;<\/p>\r\n<h3>Cookies :\u00a0<\/h3>\r\n<p><i>The site only uses cookies that are strictly necessary for its proper functioning. These cookies do not require the prior consent of the user, in accordance with the regulations in force. No audience measurement, advertising, or tracking cookies are stored.<\/i><\/p>\r\n<p><i>Users may nevertheless configure their browser to block these cookies, but please note that this may affect certain features of the website.<\/i><\/p>\r\n\r\n\r\n\r\n<p>&nbsp;<\/p>\r\n\r\n\r\n\r\n<h3 class=\"wp-block-heading\"><strong>Leonard Tires commercial warranty contract :<\/strong><\/h3>\r\n\r\n\r\n\r\n<p>See details of the warranty conditions in the PDF file.<\/p>\r\n\r\n\r\n\r\n<div class=\"wp-block-columns is-layout-flex wp-container-core-columns-is-layout-9d6595d7 wp-block-columns-is-layout-flex\">\r\n<div class=\"wp-block-column is-layout-flow wp-block-column-is-layout-flow\" style=\"flex-basis: 100%;\">\r\n<div class=\"wp-block-file\"><a id=\"wp-block-file--media-f15b0f2f-7341-49c8-a46d-9cdbc7e2b08f\" href=\"https:\/\/black-star.fr\/wp-content\/uploads\/2026\/03\/Garantie-4-ans-Blackstar-Leonard-ENG-NOV-2024-1.pdf\" target=\"_blank\" rel=\"noreferrer noopener\">Commercial 4-year Guarantee Black &amp; Leonard<\/a><a class=\"wp-block-file__button wp-element-button\" href=\"https:\/\/black-star.fr\/wp-content\/uploads\/2026\/03\/Garantie-4-ans-Blackstar-Leonard-ENG-NOV-2024-1.pdf\" download=\"\" aria-describedby=\"wp-block-file--media-f15b0f2f-7341-49c8-a46d-9cdbc7e2b08f\">Download<\/a><\/div>\r\n<div>\u00a0<\/div>\r\n<\/div>\r\n<\/div>\r\n\r\n\r\n\r\n<h3 class=\"wp-block-heading\"><strong>General terms and conditions of sale :<\/strong><\/h3>\r\n\r\n\r\n\r\n<div class=\"wp-block-file\"><a href=\"https:\/\/black-star.fr\/wp-content\/uploads\/2026\/03\/GTC-BLACKSTAR-ENG-2026-1.pdf\">GTC Black Star &amp; Leonard 2026<\/a><a class=\"wp-block-file__button wp-element-button\" href=\"https:\/\/black-star.fr\/wp-content\/uploads\/2026\/03\/GTC-BLACKSTAR-ENG-2026-1.pdf\" download=\"\" aria-describedby=\"wp-block-file--media-16d64a38-9128-491e-9ee2-d28640eb29a5\">Download<\/a><\/div>","protected":false},"excerpt":{"rendered":"<p>\u00c9diteur du site \u00a0 : BLACK STAR575 avenue George Washington62400 B\u00e9thune Tel : +33 (0)4 74 87 18 18 Num\u00e9ro de siret\u00a0: 31751519500053 info@black-star.fr Directeur de publication du site : Jean-Baptiste PIERET H\u00e9bergement : soci\u00e9t\u00e9 OVH2 rue Kellermann59100 Roubaix \u2013 France Conception et mise \u00e0 jour du site : Sharing Cross : https:\/\/sharingcross.fr\/ Epoxi : [&hellip;]<\/p>\n","protected":false},"author":11,"featured_media":7963,"parent":0,"menu_order":0,"comment_status":"closed","ping_status":"open","template":"page-marges.php","meta":{"footnotes":""},"class_list":["post-3","page","type-page","status-publish","has-post-thumbnail","hentry"],"_links":{"self":[{"href":"https:\/\/black-star.fr\/en\/wp-json\/wp\/v2\/pages\/3","targetHints":{"allow":["GET"]}}],"collection":[{"href":"https:\/\/black-star.fr\/en\/wp-json\/wp\/v2\/pages"}],"about":[{"href":"https:\/\/black-star.fr\/en\/wp-json\/wp\/v2\/types\/page"}],"author":[{"embeddable":true,"href":"https:\/\/black-star.fr\/en\/wp-json\/wp\/v2\/users\/11"}],"replies":[{"embeddable":true,"href":"https:\/\/black-star.fr\/en\/wp-json\/wp\/v2\/comments?post=3"}],"version-history":[{"count":9,"href":"https:\/\/black-star.fr\/en\/wp-json\/wp\/v2\/pages\/3\/revisions"}],"predecessor-version":[{"id":28729,"href":"https:\/\/black-star.fr\/en\/wp-json\/wp\/v2\/pages\/3\/revisions\/28729"}],"wp:featuredmedia":[{"embeddable":true,"href":"https:\/\/black-star.fr\/en\/wp-json\/wp\/v2\/media\/7963"}],"wp:attachment":[{"href":"https:\/\/black-star.fr\/en\/wp-json\/wp\/v2\/media?parent=3"}],"curies":[{"name":"wp","href":"https:\/\/api.w.org\/{rel}","templated":true}]}}