{"id":2,"date":"2019-06-07T15:08:39","date_gmt":"2019-06-07T15:08:39","guid":{"rendered":"https:\/\/black-star.ovh\/?page_id=2"},"modified":"2026-01-16T14:57:23","modified_gmt":"2026-01-16T14:57:23","slug":"pneu-black-star","status":"publish","type":"page","link":"https:\/\/black-star.fr\/en\/pneu-black-star\/","title":{"rendered":"BLACK STAR TYRES"},"content":{"rendered":"<div class=\"wp-block-group container\"><div class=\"wp-block-group__inner-container is-layout-constrained wp-block-group-is-layout-constrained\">\r\n<div class=\"wp-block-spacer\" style=\"height: 20px;\" aria-hidden=\"true\">\u00a0<\/div>\r\n\r\n\r\n\r\n<h2 class=\"wp-block-heading center-underline\"><strong>What is the Black Star tyre?<\/strong><\/h2>\r\n\r\n\r\n\r\n<p>BLACK STAR is a retread (=refurbished) tyre specialist with recognized know-how since 1979.<\/p>\r\n\r\n\r\n\r\n<p>The tyres under the Black Star brand are produced in Saint-Pierre-de-B\u0153uf (40 minutes south of Lyon), in its historic factory.<\/p>\r\n\r\n\r\n\r\n<p>A transversal and atypical offer is proposed, covering both passenger car tyres intended for the general public, but in particular tyres intended for the niche market more difficult to find in the traditional networks: namely short sizes because of scarcity, light truck tyres with atypical profiles like crampons, an offer dedicated to craftsmen to allow them to evolve serenely on their construction sites.<\/p>\r\n\r\n\r\n\r\n<p>But also, an offer dedicated to off-road lovers through a very extensive off-road range with recognized performance in sand, snow and mud !<\/p>\r\n\r\n\r\n<div class=\"wp-block-image\">\r\n<figure class=\"aligncenter size-full\"><img decoding=\"async\" class=\"wp-image-28439\" src=\"https:\/\/black-star.fr\/wp-content\/uploads\/2026\/01\/Affiche-Black-Star_EN.jpg\" alt=\"\" \/><\/figure>\r\n<\/div>\r\n\r\n\r\n<h2 class=\"wp-block-heading center-underline\">Our Team<\/h2>\r\n\r\n\r\n\r\n<p data-start=\"204\" data-end=\"437\">In our industry, trust is earned. For 40 years, we have built it through proven processes, advanced technology and expert know-how, to offer products that truly make a difference.<\/p>\r\n<p data-start=\"439\" data-end=\"666\">Since 1979, in the heart of the Loire region, a team of passionate individuals has been reinventing the wheel. Experienced and committed to a mission that transcends us, we share enthusiasm, loyalty, and pride in every BLACK STAR product.<\/p>\r\n<p data-start=\"668\" data-end=\"951\">At BLACK STAR, manufacturing is an art. People and craftsmanship remain at the heart of our business. While many industries are relocating, BLACK STAR stands out by remaining one of the last players in its sector to maintain French standards within France.<\/p>\r\n<p data-start=\"953\" data-end=\"1155\">And the story continues: we are counting on you to support our development, create new jobs and strengthen the local economy, generating sustainable value in our territory.<\/p>\r\n<p>&nbsp;<\/p>\r\n\r\n\r\n\r\n<figure class=\"wp-block-image size-full\"><img loading=\"lazy\" decoding=\"async\" width=\"1096\" height=\"758\" class=\"wp-image-28447\" src=\"https:\/\/black-star.fr\/wp-content\/uploads\/2024\/12\/IMG-20241213-WA0000.jpg\" alt=\"\" srcset=\"https:\/\/black-star.fr\/wp-content\/uploads\/2024\/12\/IMG-20241213-WA0000.jpg 1096w, https:\/\/black-star.fr\/wp-content\/uploads\/2024\/12\/IMG-20241213-WA0000-768x531.jpg 768w, https:\/\/black-star.fr\/wp-content\/uploads\/2024\/12\/IMG-20241213-WA0000-18x12.jpg 18w, https:\/\/black-star.fr\/wp-content\/uploads\/2024\/12\/IMG-20241213-WA0000-600x415.jpg 600w\" sizes=\"auto, (max-width: 1096px) 100vw, 1096px\" \/>\r\n<figcaption class=\"wp-element-caption\">The Black Star team in Saint-Pierre-de-B\u0153uf<\/figcaption>\r\n<\/figure>\r\n<\/div><\/div>\r\n\r\n\r\n\r\n<div class=\"wp-block-group container\"><div class=\"wp-block-group__inner-container is-layout-constrained wp-block-group-is-layout-constrained\">\r\n<h2 class=\"wp-block-heading center-underline\">Quality for safe riding<\/h2>\r\n\r\n\r\n\r\n<p data-start=\"222\" data-end=\"351\">At BLACK STAR, safety and quality are not up for debate, they are guaranteed by rigorous and methodical work.<\/p>\r\n<p data-start=\"353\" data-end=\"544\">All our tyres are tested and inspected according to strict protocols, with authorities accredited by the French Ministry \u2014 the same standards as for new tires.<\/p>\r\n<p data-start=\"546\" data-end=\"695\">Our tests include performance trials and world records, to offer you reliable, high-performance and safe tires on the road.<\/p>\r\n\r\n\r\n\r\n<p>And we measure the following data:<\/p>\r\n\r\n\r\n\r\n<p><strong>Wet braking test<\/strong><\/p>\r\n\r\n\r\n\r\n<figure class=\"wp-block-image size-large\"><img loading=\"lazy\" decoding=\"async\" width=\"1024\" height=\"183\" class=\"wp-image-6296\" src=\"http:\/\/www.black-star.ovh\/wp-content\/uploads\/2019\/07\/TABLO1-v3-1024x183.png\" alt=\"\" srcset=\"https:\/\/black-star.fr\/wp-content\/uploads\/2019\/07\/TABLO1-v3-1024x183.png 1024w, https:\/\/black-star.fr\/wp-content\/uploads\/2019\/07\/TABLO1-v3-300x54.png 300w, https:\/\/black-star.fr\/wp-content\/uploads\/2019\/07\/TABLO1-v3-768x137.png 768w, https:\/\/black-star.fr\/wp-content\/uploads\/2019\/07\/TABLO1-v3-600x107.png 600w\" sizes=\"auto, (max-width: 1024px) 100vw, 1024px\" \/><\/figure>\r\n\r\n\r\n\r\n<p><strong>Dry braking test<\/strong><\/p>\r\n\r\n\r\n\r\n<figure class=\"wp-block-image size-large\"><img loading=\"lazy\" decoding=\"async\" width=\"1024\" height=\"188\" class=\"wp-image-6298\" src=\"http:\/\/www.black-star.ovh\/wp-content\/uploads\/2019\/07\/TABLO2-v2-1024x188.png\" alt=\"\" srcset=\"https:\/\/black-star.fr\/wp-content\/uploads\/2019\/07\/TABLO2-v2-1024x188.png 1024w, https:\/\/black-star.fr\/wp-content\/uploads\/2019\/07\/TABLO2-v2-300x55.png 300w, https:\/\/black-star.fr\/wp-content\/uploads\/2019\/07\/TABLO2-v2-768x141.png 768w, https:\/\/black-star.fr\/wp-content\/uploads\/2019\/07\/TABLO2-v2-600x110.png 600w\" sizes=\"auto, (max-width: 1024px) 100vw, 1024px\" \/><\/figure>\r\n\r\n\r\n\r\n<p><strong>Speed world record 300km\/h<\/strong><\/p>\r\n\r\n\r\n\r\n<figure class=\"wp-block-image size-large\"><img loading=\"lazy\" decoding=\"async\" width=\"1024\" height=\"175\" class=\"wp-image-6299\" src=\"http:\/\/www.black-star.ovh\/wp-content\/uploads\/2019\/07\/TABLO3-v3-1024x175.png\" alt=\"\" srcset=\"https:\/\/black-star.fr\/wp-content\/uploads\/2019\/07\/TABLO3-v3-1024x175.png 1024w, https:\/\/black-star.fr\/wp-content\/uploads\/2019\/07\/TABLO3-v3-300x51.png 300w, https:\/\/black-star.fr\/wp-content\/uploads\/2019\/07\/TABLO3-v3-768x131.png 768w, https:\/\/black-star.fr\/wp-content\/uploads\/2019\/07\/TABLO3-v3-600x103.png 600w, https:\/\/black-star.fr\/wp-content\/uploads\/2019\/07\/TABLO3-v3.png 1667w\" sizes=\"auto, (max-width: 1024px) 100vw, 1024px\" \/><\/figure>\r\n\r\n\r\n\r\n<p><strong>Height world record<\/strong><\/p>\r\n\r\n\r\n\r\n<figure class=\"wp-block-image size-large\"><img loading=\"lazy\" decoding=\"async\" width=\"1024\" height=\"185\" class=\"wp-image-6300\" src=\"http:\/\/www.black-star.ovh\/wp-content\/uploads\/2019\/07\/TABLO4-V2-1024x185.png\" alt=\"\" srcset=\"https:\/\/black-star.fr\/wp-content\/uploads\/2019\/07\/TABLO4-V2-1024x185.png 1024w, https:\/\/black-star.fr\/wp-content\/uploads\/2019\/07\/TABLO4-V2-300x54.png 300w, https:\/\/black-star.fr\/wp-content\/uploads\/2019\/07\/TABLO4-V2-768x138.png 768w, https:\/\/black-star.fr\/wp-content\/uploads\/2019\/07\/TABLO4-V2-600x108.png 600w, https:\/\/black-star.fr\/wp-content\/uploads\/2019\/07\/TABLO4-V2.png 1647w\" sizes=\"auto, (max-width: 1024px) 100vw, 1024px\" \/><\/figure>\r\n\r\n\r\n\r\n<h2 class=\"wp-block-heading center-underline\">Our BLACK STAR test bench<\/h2>\r\n\r\n\r\n<div class=\"wp-block-image\">\r\n<figure class=\"alignright size-full is-resized\"><img loading=\"lazy\" decoding=\"async\" width=\"742\" height=\"679\" class=\"wp-image-7563\" style=\"width: 200px; height: 170px;\" src=\"http:\/\/www.black-star.ovh\/wp-content\/uploads\/2023\/03\/BS-Banc-dessai2.jpg\" alt=\"\" srcset=\"https:\/\/black-star.fr\/wp-content\/uploads\/2023\/03\/BS-Banc-dessai2.jpg 742w, https:\/\/black-star.fr\/wp-content\/uploads\/2023\/03\/BS-Banc-dessai2-300x275.jpg 300w, https:\/\/black-star.fr\/wp-content\/uploads\/2023\/03\/BS-Banc-dessai2-600x549.jpg 600w\" sizes=\"auto, (max-width: 742px) 100vw, 742px\" \/><\/figure>\r\n<\/div>\r\n\r\n\r\n<p>BLACK STAR is the first independent manufacturer approved by the UTAC (since 1999) and all its products have European R-108 and R-109 approvals.<\/p>\r\n\r\n\r\n\r\n<p>With equivalent requirements and performances (return rate &lt; 0.18%), BLACK STAR goes so far as to double the lifespan of a new tyre.<\/p>\r\n\r\n\r\n\r\n<p>BLACK STAR has a load\/speed endurance test bench approved by UTAC. It allows the regulatory tests required under European regulations 108 and 109 relating to retreaded Passenger, 4x4 and Utility tyres to be carried out.<\/p>\r\n\r\n\r\n\r\n<p>The imposed endurance tests are strictly identical to those carried out on new tyres.<\/p>\r\n\r\n\r\n\r\n<h2 class=\"wp-block-heading center-underline\">Our range<\/h2>\r\n\r\n\r\n\r\n<p>Black Star tyres are designed for those who want to get off the beaten track while benefiting from excellent value for money. Their robustness and versatility make them ideal for tackling both roads and more demanding terrain, whether in a 4\u00d74, passenger vehicle or utility vehicle.<\/p>\r\n\r\n\r\n\r\n<p>The Black Star range of retreaded tyres stands out for its quality. Made in France from recycled materials, Black Star tyres are designed to offer exceptional performance at unbeatable prices.<\/p>\r\n\r\n\r\n\r\n<p><strong>Main features:<\/strong><\/p>\r\n\r\n\r\n\r\n<ul class=\"wp-block-list\">\r\n<li>Reuse: Black Star tyres are made from reused materials, which helps to optimize resources.<\/li>\r\n\r\n\r\n\r\n<li>Durability and performance: These tyres are specially designed for on-road and off-road conditions. They are perfect for users looking for durable and reliable tyres, whether for road trips or more off-road adventures.<\/li>\r\n\r\n\r\n\r\n<li>A complete range: The Black Star range stands out for its wide range of choices, offering a multitude of sizes and models, including options for the most niche needs.\r\n<ul class=\"wp-block-list\">\r\n<li>4x4 tyres: Designed for off-road vehicles, they guarantee maximum grip, even in difficult conditions.<\/li>\r\n\r\n\r\n\r\n<li>Passenger car tyres: Ideal for daily road journeys, offering safety and comfort.<\/li>\r\n\r\n\r\n\r\n<li>Tyres for commercial vehicles (Passenger cars and light commercial vehicles) : Resistant and durable, they are adapted to the specific needs of professionals with requirements in terms of robustness and longevity.<\/li>\r\n<\/ul>\r\n<\/li>\r\n<\/ul>\r\n\r\n\r\n\r\n<p>Black Star tyres are positioned as an affordable and reliable alternative for drivers of all types of vehicles. Thanks to their local manufacturing and competitive price, they are a great option for those looking to combine performance, durability, and economy.<\/p>\r\n\r\n\r\n\r\n<p>Browse our wide range of Black Star models and find the one that perfectly suits your needs. Take advantage of the best prices on our entire selection!<\/p>\r\n<\/div><\/div>\r\n\r\n\r\n\r\n<div class=\"wp-block-spacer\" style=\"height: 20px;\" aria-hidden=\"true\">\u00a0<\/div>\r\n\r\n\r\n\r\n<div class=\"wp-block-group container\"><div class=\"wp-block-group__inner-container is-layout-constrained wp-block-group-is-layout-constrained\">\r\n<div class=\"wp-block-buttons is-content-justification-center is-layout-flex wp-container-core-buttons-is-layout-16018d1d wp-block-buttons-is-layout-flex\">\r\n<div class=\"wp-block-button\"><a class=\"wp-block-button__link has-text-align-center wp-element-button\" href=\"\/notre-offre\/\">OUR OFFER<\/a><\/div>\r\n<\/div>\r\n<\/div><\/div>\r\n\r\n\r\n\r\n<div class=\"wp-block-spacer\" style=\"height: 20px;\" aria-hidden=\"true\">\u00a0<\/div>","protected":false},"excerpt":{"rendered":"<p>Le pneu Black Star, c\u2019est quoi\u00a0? BLACK STAR est un sp\u00e9cialiste du pneu rechap\u00e9 (=pneu reconditionn\u00e9) avec un savoir-faire reconnu depuis 1979. C\u2019est \u00e0 Saint-Pierre-de-B\u0153uf (40 min au sud de Lyon), dans son usine historique, que le pneu sous la marque Black Star est fabriqu\u00e9. Une offre transversale et atypique est propos\u00e9e, couvrant \u00e0 la [&hellip;]<\/p>\n","protected":false},"author":11,"featured_media":15142,"parent":0,"menu_order":0,"comment_status":"closed","ping_status":"open","template":"page.php","meta":{"footnotes":""},"class_list":["post-2","page","type-page","status-publish","has-post-thumbnail","hentry"],"_links":{"self":[{"href":"https:\/\/black-star.fr\/en\/wp-json\/wp\/v2\/pages\/2","targetHints":{"allow":["GET"]}}],"collection":[{"href":"https:\/\/black-star.fr\/en\/wp-json\/wp\/v2\/pages"}],"about":[{"href":"https:\/\/black-star.fr\/en\/wp-json\/wp\/v2\/types\/page"}],"author":[{"embeddable":true,"href":"https:\/\/black-star.fr\/en\/wp-json\/wp\/v2\/users\/11"}],"replies":[{"embeddable":true,"href":"https:\/\/black-star.fr\/en\/wp-json\/wp\/v2\/comments?post=2"}],"version-history":[{"count":13,"href":"https:\/\/black-star.fr\/en\/wp-json\/wp\/v2\/pages\/2\/revisions"}],"predecessor-version":[{"id":28685,"href":"https:\/\/black-star.fr\/en\/wp-json\/wp\/v2\/pages\/2\/revisions\/28685"}],"wp:featuredmedia":[{"embeddable":true,"href":"https:\/\/black-star.fr\/en\/wp-json\/wp\/v2\/media\/15142"}],"wp:attachment":[{"href":"https:\/\/black-star.fr\/en\/wp-json\/wp\/v2\/media?parent=2"}],"curies":[{"name":"wp","href":"https:\/\/api.w.org\/{rel}","templated":true}]}}