{"id":17,"date":"2019-06-10T15:23:36","date_gmt":"2019-06-10T15:23:36","guid":{"rendered":"https:\/\/black-star.ovh\/?page_id=17"},"modified":"2026-01-16T14:16:04","modified_gmt":"2026-01-16T14:16:04","slug":"page-daccueil","status":"publish","type":"page","link":"https:\/\/black-star.fr\/en\/","title":{"rendered":"Page d&rsquo;accueil"},"content":{"rendered":"\n<div class=\"wp-block-group container\"><div class=\"wp-block-group__inner-container is-layout-constrained wp-block-group-is-layout-constrained\">\n\n\n<\/p>\n\n\n\n<figure class=\"wp-block-video\"><video height=\"1080\" style=\"aspect-ratio: 1920 \/ 1080;\" width=\"1920\" controls src=\"https:\/\/black-star.fr\/wp-content\/uploads\/2026\/01\/presentation-Blackstar-15mo.mp4\"><\/video><\/figure>\n\n\n<p>\n\n\n\n<h2 class=\"wp-block-heading center-underline\">Nous sommes co-responsables de notre devenir.<\/h2>\n\n\n\n<p>Chez Black Star, des hommes et des femmes passionn\u00e9s \u0153uvrent ensemble pour une cause qui nous d\u00e9passe : poser les fondations d\u2019un monde plus r\u00e9fl\u00e9chi et responsable, en mettant le r\u00e9emploi au c\u0153ur de leurs actions.<\/p>\n\n\n\n<div style=\"height:20px\" aria-hidden=\"true\" class=\"wp-block-spacer\"><\/div>\n\n\n\n<h2 class=\"wp-block-heading center-underline\">Le pneu L\u00e9onard<\/h2>\n\n\n\n<p>Le pneu L\u00e9onard est un pneu remanufactur\u00e9 \u00e0 grande \u00e9chelle en France, destin\u00e9 au grand public (voitures particuli\u00e8res et utilitaires), et offrant des performances comparables \u00e0 celles d\u2019un pneu neuf.<\/p>\n\n\n\n<p>En achetant des pneus L\u00e9onard, vous achetez des produits qui ont \u00e9t\u00e9 produits localement avec des mat\u00e9riaux r\u00e9utilis\u00e9s et vous contribuez \u00e0 faire vivre une r\u00e9gion et son industrie.<\/p>\n\n\n\n<div class=\"wp-block-buttons is-content-justification-center is-layout-flex wp-container-core-buttons-is-layout-16018d1d wp-block-buttons-is-layout-flex\">\n<div class=\"wp-block-button\"><a class=\"wp-block-button__link wp-element-button\" href=\"http:\/\/www.black-star.ovh\/pneu-leonard\/\">En savoir plus<\/a><\/div>\n<\/div>\n<\/div><\/div>\n\n\n\n<div style=\"height:20px\" aria-hidden=\"true\" class=\"wp-block-spacer\"><\/div>\n\n\n\n<h2 class=\"wp-block-heading center-underline\">Notre offre<\/h2>\n\n\n\n\t<section class='liste-articles filter-wraper'>\n\t\t<div class='article-solo'>\n\t\t\t<div class='shor-desc'>\n\t\t\t\t<!-- wp:paragraph {\"align\":\"center\"} -->\n<p class=\"has-text-align-center\">BLACK STAR \u00e9toffe r\u00e9guli\u00e8rement sa gamme de pneumatiques pour contenter chaque jour les automobilistes et professionnels de la route. <\/p>\n<!-- \/wp:paragraph -->\n\n<!-- wp:paragraph {\"align\":\"center\"} -->\n<p class=\"has-text-align-center\"><strong>Avec plus de 300 r\u00e9f\u00e9rences, trouvez pneus \u00e0 vos jantes !<\/strong><\/p>\n<!-- \/wp:paragraph -->\n\t\t\t<\/div>\n\t\t<\/div>\n\n\t\t<div class='filter_select'>\n\t\t<div class='filter'>\n\t\t<form method='get' action='https:\/\/black-star.fr\/notre-offre\/'><ul class=\"filter-ul\"><li><div class=\"filter_img\"><img decoding=\"async\" src=\"https:\/\/black-star.fr\/wp-content\/uploads\/2023\/04\/picto-4x4-1.png\" alt=\"\"  \/><\/div><div class=\"filter_input\"><input type=\"radio\" name=\"catname\" value=\"91\" id=\"catname-91\"><label for=\"catname-91\">4\u00d74 \/ SUV<\/label><\/div><\/li><li><div class=\"filter_img\"><img decoding=\"async\" src=\"https:\/\/black-star.fr\/wp-content\/uploads\/2023\/04\/picto-voiture.png\" alt=\"\"  \/><\/div><div class=\"filter_input\"><input type=\"radio\" name=\"catname\" value=\"41\" id=\"catname-41\"><label for=\"catname-41\">Tourisme<\/label><\/div><\/li><li><div class=\"filter_img\"><img decoding=\"async\" src=\"https:\/\/black-star.fr\/wp-content\/uploads\/2023\/04\/picto-camion.png\" alt=\"\"  \/><\/div><div class=\"filter_input\"><input type=\"radio\" name=\"catname\" value=\"42\" id=\"catname-42\"><label for=\"catname-42\">Utilitaire<\/label><\/div><\/li><\/ul><div class=\"filter-dropdown\"><ul><li><label> Marque <\/label><select name=\"marque-attr\" id=\"marque-attr\"><option value=\"\">Choisir marque<\/option><\/select><\/li><li><label> Largeur <\/label><select name=\"largeur-attr\" id=\"largeur-attr\"><option value=\"\">Choisir largeur<\/option><\/select><\/li><li><label> Hauteur <\/label><select name=\"hauteur-attr\" id=\"hauteur-attr\"><option value=\"\">Choisir hauteur<\/option><\/select><\/li><li><label> Diametre <\/label><select name=\"diametre-attr\" id=\"diametre-attr\"><option value=\"\">Choisir diametre<\/option ><\/select><\/li><li><label>Indice de charge<\/label><input type='text' name='custom_indice_charge' value=''><\/li><li><label>Code de vitesse<\/label><input type='text' name='custom_code_vitesse' value=''><\/li><div class='filter-submit'><input type='submit' name='submit' value='Trouver mes pneus'><\/div><\/ul><\/div><\/form>\n\t<\/div>\n\t<\/div>\n\t<div class='site-loader'>\n\t\t<img src=https:\/\/black-star.fr\/wp-content\/themes\/blackstar'\/images\/tire-load.gif' >\n\t<\/div>\n\t<\/section>\n\n\n\n<div class=\"wp-block-group content-block-5\"><div class=\"wp-block-group__inner-container is-layout-constrained wp-block-group-is-layout-constrained\">\n<div class=\"wp-block-group container\"><div class=\"wp-block-group__inner-container is-layout-constrained wp-block-group-is-layout-constrained\">\n<h2 class=\"wp-block-heading center-underline\">O\u00f9 s&rsquo;\u00e9quiper<\/h2>\n\n\n\n<p>Retrouve tous les revendeurs de pneus BLACK STAR pr\u00e8s de chez toi !<\/p>\n\n\n\n<div style=\"height:20px\" aria-hidden=\"true\" class=\"wp-block-spacer\"><\/div>\n\n\n<style>\r\n\t#wpsl-stores .wpsl-store-thumb {height:45px !important; width:45px !important;}\r\n\t#wpsl-stores, #wpsl-direction-details, #wpsl-gmap {height:350px !important;}\r\n\t#wpsl-gmap .wpsl-info-window {max-width:225px !important;}\r\n\t.wpsl-input label, #wpsl-radius label, #wpsl-category label {width:95px;}\r\n\t#wpsl-search-input ,#wpsl-category .wpsl-dropdown {width:179px;}\r\n<\/style>\r\n<div id=\"wpsl-wrap\" class=\"wpsl-store-below\">\r\n\t<div class=\"wpsl-search wpsl-clearfix wpsl-filter\">\r\n\t\t<div id=\"wpsl-search-wrap\">\r\n\t\t\t<form autocomplete=\"off\">\r\n\t\t\t<div class=\"wpsl-input\">\r\n\t\t\t\t<div><label for=\"wpsl-search-input\">Ville<\/label><\/div>\r\n\t\t\t\t<input id=\"wpsl-search-input\" type=\"text\" value=\"\" name=\"wpsl-search-input\" placeholder=\"\" aria-required=\"true\" \/>\r\n\t\t\t<\/div>\r\n\t\t\t<div class=\"wpsl-select-wrap\">\r\n\t\t\t\t<div id=\"wpsl-radius\">\r\n\t\t\t\t\t<label for=\"wpsl-radius-dropdown\">Rayon de recherche<\/label>\r\n\t\t\t\t\t<select id=\"wpsl-radius-dropdown\" class=\"wpsl-dropdown\" name=\"wpsl-radius\">\r\n\t\t\t\t\t\t<option value=\"10\">10 km<\/option><option value=\"25\">25 km<\/option><option value=\"50\">50 km<\/option><option selected=\"selected\" value=\"100\">100 km<\/option><option value=\"200\">200 km<\/option><option value=\"500\">500 km<\/option>\r\n\t\t\t\t\t<\/select>\r\n\t\t\t\t<\/div>\r\n\t\t\t\t<div id=\"wpsl-results\">\r\n\t\t\t\t\t<label for=\"wpsl-results-dropdown\">Results<\/label>\r\n\t\t\t\t\t<select id=\"wpsl-results-dropdown\" class=\"wpsl-dropdown\" name=\"wpsl-results\">\r\n\t\t\t\t\t\t<option value=\"25\">25<\/option><option value=\"50\">50<\/option><option value=\"75\">75<\/option><option value=\"100\">100<\/option><option selected=\"selected\" value=\"300\">300<\/option><option value=\"400\">400<\/option>\r\n\t\t\t\t\t<\/select>\r\n\t\t\t\t<\/div>\r\n\t\t\t<\/div>\r\n<div id=\"wpsl-category\">\r\n<label for=\"wpsl-category-list\">Marques<\/label>\r\n<select  name='wpsl-category' id='wpsl-category-list' class='wpsl-dropdown'>\n\t<option value='0'>Toutes<\/option>\n\t<option class=\"level-0\" value=\"17\">Black Star<\/option>\n\t<option class=\"level-0\" value=\"18\">L\u00e9onard<\/option>\n<\/select>\n<\/div>\r\n\t\t\t\t<div class=\"wpsl-search-btn-wrap\"><input id=\"wpsl-search-btn\" type=\"submit\" value=\"Recherche\"><\/div>\r\n\t\t<\/form>\r\n\t\t<\/div>\r\n\t<\/div>\r\n\t<div id=\"wpsl-gmap\" class=\"wpsl-gmap-canvas\"><\/div>\r\n\t<div id=\"wpsl-result-list\">\r\n\t\t<div id=\"wpsl-stores\" >\r\n\t\t\t<ul><\/ul>\r\n\t\t<\/div>\r\n\t\t<div id=\"wpsl-direction-details\">\r\n\t\t\t<ul><\/ul>\r\n\t\t<\/div>\r\n\t<\/div>\r\n<\/div>\r\n\n\n\n\n<div class=\"wp-block-buttons btn-container is-layout-flex wp-block-buttons-is-layout-flex\">\n<div class=\"wp-block-button aligncenter\"><a class=\"wp-block-button__link wp-element-button\" href=\"\/ou-sequiper\/\">Trouver un vendeur<\/a><\/div>\n<\/div>\n<\/div><\/div>\n<\/div><\/div>\n\n\n\n<div style=\"height:20px\" aria-hidden=\"true\" class=\"wp-block-spacer\"><\/div>\n\n\n<section class=\"content-block-6 liste-articles\">\n\t<div class=\"container\">\n\t\t<!-- content -->\n\t\t<div class=\"row\">\n\t\t\t<div class=\"column column-100\">\n\t\t\t\t<h2 class=\"center-underline\">Actualit\u00e9s<\/h2>\n\t\t\t<\/div>\n\t\t<\/div>\n\t\t<div class=\"row article-solo\">\n\t\t\t\t\t\t<div class=\"column column-50\">\n\t\t\t\t<div class=\"article-bg\" style=\"background-image:url('https:\/\/black-star.fr\/wp-content\/uploads\/2026\/01\/Difference-Pneus.png'); background-size: contain;\">\n\t\t\t\t<\/div>\n\t\t\t<\/div>\n\t\t\t<div class=\"column column-50\">\n\t\t\t\t<div class=\"details-full-size\">\n\t\t\t\t<a href=\"https:\/\/black-star.fr\/en\/pneu-ete-ou-pneu-4-saisons-comment-faire-la-difference\/\">\n\t\t\t\t\t<h4>Pneu \u00e9t\u00e9 ou pneu 4 saisons : comment faire la diff\u00e9rence ?<\/h4>\n\t\t\t\t<\/a>\n\t\t\t\t<p>Choisir entre un pneu \u00e9t\u00e9 et un pneu 4 saisons d\u00e9pend avant tout de votre usage et des conditions climatiques auxquelles vous \u00eates confront\u00e9. Si ces deux types de pneumatiques peuvent sembler proches, leur conception r\u00e9pond \u00e0 des besoins bien distincts. Deux crit\u00e8res essentiels : la gomme et la bande de roulement La principale diff\u00e9rence [&hellip;]<\/p>\n\t\t\t\t<a class=\"lire-la-suite\" href=\"https:\/\/black-star.fr\/en\/pneu-ete-ou-pneu-4-saisons-comment-faire-la-difference\/\">Lire la suite ><\/a>\n\t\t\t\t<\/div>\n\t\t\t<\/div>\n\t\t\t\t\t<\/div>\n\t\t<div class=\"row\">\n\t\t\t\t\t\t\t<div class=\"column column-33\" >\n\t\t\t\t\t<div class=\"article-bg\" style=\"background-image:url('https:\/\/black-star.fr\/wp-content\/uploads\/2025\/12\/1.png');\">\n\t\t\t\t\t\t<a class=\"lire-la-suite\" href=\"https:\/\/black-star.fr\/en\/les-pneus-leonard-seduisent-chaque-jour-davantage-de-conducteurs\/\">Lire la suite ><\/a>\n\t\t\t\t\t<\/div>\n\t\t\t\t\t<a href=\"https:\/\/black-star.fr\/en\/les-pneus-leonard-seduisent-chaque-jour-davantage-de-conducteurs\/\">\n\t\t\t\t\t\t<a href=\"https:\/\/black-star.fr\/en\/les-pneus-leonard-seduisent-chaque-jour-davantage-de-conducteurs\/\">\n\t\t\t\t\t\t\t<h4>Les pneus L\u00e9onard s\u00e9duisent chaque jour davantage de conducteurs !<\/h4>\n\t\t\t\t\t\t<\/a>\n\t\t\t\t\t<\/a>\n\t\t\t\t<\/div>\n\t\t\t\t\t\t\t<div class=\"column column-33\" >\n\t\t\t\t\t<div class=\"article-bg\" style=\"background-image:url('https:\/\/black-star.fr\/wp-content\/uploads\/2025\/11\/Green-Modern-Fashion-Photo-Collage-Facebook-Post.png');\">\n\t\t\t\t\t\t<a class=\"lire-la-suite\" href=\"https:\/\/black-star.fr\/en\/semaine-europeenne-pour-lemploi-des-personnes-handicapees-black-star-reaffirme-son-engagement\/\">Lire la suite ><\/a>\n\t\t\t\t\t<\/div>\n\t\t\t\t\t<a href=\"https:\/\/black-star.fr\/en\/semaine-europeenne-pour-lemploi-des-personnes-handicapees-black-star-reaffirme-son-engagement\/\">\n\t\t\t\t\t\t<a href=\"https:\/\/black-star.fr\/en\/semaine-europeenne-pour-lemploi-des-personnes-handicapees-black-star-reaffirme-son-engagement\/\">\n\t\t\t\t\t\t\t<h4>Semaine Europ\u00e9enne pour l\u2019Emploi des Personnes Handicap\u00e9es : BLACK STAR r\u00e9affirme son engagement<\/h4>\n\t\t\t\t\t\t<\/a>\n\t\t\t\t\t<\/a>\n\t\t\t\t<\/div>\n\t\t\t\t\t\t\t<div class=\"column column-33\" >\n\t\t\t\t\t<div class=\"article-bg\" style=\"background-image:url('https:\/\/black-star.fr\/wp-content\/uploads\/2025\/11\/Capture-decran-2025-11-06-112453.png');\">\n\t\t\t\t\t\t<a class=\"lire-la-suite\" href=\"https:\/\/black-star.fr\/en\/jimmy-nous-fait-decouvrir-son-quotidien-chez-black-star\/\">Lire la suite ><\/a>\n\t\t\t\t\t<\/div>\n\t\t\t\t\t<a href=\"https:\/\/black-star.fr\/en\/jimmy-nous-fait-decouvrir-son-quotidien-chez-black-star\/\">\n\t\t\t\t\t\t<a href=\"https:\/\/black-star.fr\/en\/jimmy-nous-fait-decouvrir-son-quotidien-chez-black-star\/\">\n\t\t\t\t\t\t\t<h4>Jimmy nous fait d\u00e9couvrir son quotidien chez BLACK STAR<\/h4>\n\t\t\t\t\t\t<\/a>\n\t\t\t\t\t<\/a>\n\t\t\t\t<\/div>\n\t\t\t\t\t<\/div>\n\t\t<!-- \/content -->\n\t<\/div>\n<\/section>\n\n\n\n<div style=\"height:20px\" aria-hidden=\"true\" class=\"wp-block-spacer\"><\/div>\n\n\n\n<div class=\"wp-block-group va-viens\"><div class=\"wp-block-group__inner-container is-layout-constrained wp-block-group-is-layout-constrained\">\n<div class=\"wp-block-group container\"><div class=\"wp-block-group__inner-container is-layout-constrained wp-block-group-is-layout-constrained\">\n<h2 class=\"wp-block-heading center-underline\">R\u00e9inventons la roue<\/h2>\n\n\n\n<p>Dans notre industrie, la confiance se m\u00e9rite. Nous l\u2019avons gagn\u00e9e depuis 40 ans gr\u00e2ce \u00e0 la constance des proc\u00e9d\u00e9s \u00e9prouv\u00e9s, une technologie et un soin expert au service d\u2019un produit vertueux, qui fait toute la diff\u00e9rence.<\/p>\n\n\n\n<p>BLACK STAR, fleuron modeste et singulier de l\u2019industrie fran\u00e7aise du pneumatique r\u00e9invente la Roue depuis 1979, avec des valeurs fortes et une ambition : transformer un achat n\u00e9cessaire en r\u00e9flexe vertueux, avec un pneu qui tient la route !<\/p>\n\n\n\n<div class=\"wp-block-buttons btn-container is-layout-flex wp-block-buttons-is-layout-flex\">\n<div class=\"wp-block-button aligncenter\"><a class=\"wp-block-button__link wp-element-button\" href=\"\/reinventons-la-roue\/\">En savoir plus<\/a><\/div>\n<\/div>\n<\/div><\/div>\n<\/div><\/div>\n\n\n\n<div style=\"height:20px\" aria-hidden=\"true\" class=\"wp-block-spacer\"><\/div>\n\n\n\n<div class=\"wp-block-group container\"><div class=\"wp-block-group__inner-container is-layout-constrained wp-block-group-is-layout-constrained\">\n<h2 class=\"wp-block-heading center-underline\">Nous contacter<\/h2>\n\n\n\n<div class=\"wpcf7 no-js\" id=\"wpcf7-f7560-o1\" lang=\"fr-FR\" dir=\"ltr\" data-wpcf7-id=\"7560\">\n<div class=\"screen-reader-response\"><p role=\"status\" aria-live=\"polite\" aria-atomic=\"true\"><\/p> <ul><\/ul><\/div>\n<form action=\"\/en\/wp-json\/wp\/v2\/pages\/17#wpcf7-f7560-o1\" method=\"post\" class=\"wpcf7-form init\" aria-label=\"Formulaire de contact\" novalidate=\"novalidate\" data-status=\"init\">\n<fieldset class=\"hidden-fields-container\"><input type=\"hidden\" name=\"_wpcf7\" value=\"7560\" \/><input type=\"hidden\" name=\"_wpcf7_version\" value=\"6.1.5\" \/><input type=\"hidden\" name=\"_wpcf7_locale\" value=\"fr_FR\" \/><input type=\"hidden\" name=\"_wpcf7_unit_tag\" value=\"wpcf7-f7560-o1\" \/><input type=\"hidden\" name=\"_wpcf7_container_post\" value=\"0\" \/><input type=\"hidden\" name=\"_wpcf7_posted_data_hash\" value=\"\" \/>\n<\/fieldset>\n<div class=\"row\">\n\t<div class=\"column column-50\">\n\t\t<p><label>Votre nom* :<\/label><span class=\"wpcf7-form-control-wrap\" data-name=\"your-name\"><input size=\"40\" maxlength=\"400\" class=\"wpcf7-form-control wpcf7-text wpcf7-validates-as-required\" autocomplete=\"name\" aria-required=\"true\" aria-invalid=\"false\" value=\"\" type=\"text\" name=\"your-name\" \/><\/span>\n\t\t<\/p>\n\t<\/div>\n\t<div class=\"column column-50\">\n\t\t<p><label>Votre e-mail* :<\/label><span class=\"wpcf7-form-control-wrap\" data-name=\"your-email\"><input size=\"40\" maxlength=\"400\" class=\"wpcf7-form-control wpcf7-email wpcf7-validates-as-required wpcf7-text wpcf7-validates-as-email\" autocomplete=\"email\" aria-required=\"true\" aria-invalid=\"false\" value=\"\" type=\"email\" name=\"your-email\" \/><\/span>\n\t\t<\/p>\n\t<\/div>\n<\/div>\n<p><label>Votre message<\/label><span class=\"wpcf7-form-control-wrap\" data-name=\"your-message\"><textarea cols=\"40\" rows=\"10\" maxlength=\"2000\" class=\"wpcf7-form-control wpcf7-textarea\" aria-invalid=\"false\" name=\"your-message\"><\/textarea><\/span>\n<\/p>\n<p>Afin de r\u00e9pondre \u00e0 votre demande de contact, vous devez obligatoirement saisir certaines donn\u00e9es personnelles (champs suivis d'un *) dans le cadre de l'int\u00e9r\u00eat l\u00e9gitime de Black Star, responsable de ce traitement. Les destinataires sont uniquement les personnes habilit\u00e9es en interne. Vos donn\u00e9es seront conserv\u00e9es pendant la dur\u00e9e de notre relation commerciale, sauf disposition l\u00e9gale contraire. Vous disposez d\u2019un droit d\u2019acc\u00e8s, d'opposition, de rectification, d\u2019effacement, de limitation et de portabilit\u00e9 des donn\u00e9es qui vous concernent, et du droit de d\u00e9finir des directives relatives au sort de vos donn\u00e9es personnelles dans le cas o\u00f9 vous ne pourriez plus les exercer, en \u00e9crivant \u00e0 : <a rel=\"noreferrer noopener\" href=\"mailto:dpo@mobivia.com\" target=\"_blank\"><i>dpo@mobivia.com<\/i><\/a>. En cas de r\u00e9clamation, vous disposez du droit de saisir la CNIL.\n<\/p>\n<p>&nbsp;<br \/>\n<input class=\"wpcf7-form-control wpcf7-submit has-spinner\" type=\"submit\" value=\"Envoyer\" \/>\n<\/p><div class=\"wpcf7-response-output\" aria-hidden=\"true\"><\/div>\n<\/form>\n<\/div>\n\n<\/div><\/div>\n","protected":false},"excerpt":{"rendered":"<p>Nous sommes co-responsables de notre devenir. Chez Black Star, des hommes et des femmes passionn\u00e9s \u0153uvrent ensemble pour une cause qui nous d\u00e9passe : poser les fondations d\u2019un monde plus r\u00e9fl\u00e9chi et responsable, en mettant le r\u00e9emploi au c\u0153ur de leurs actions. Le pneu L\u00e9onard Le pneu L\u00e9onard est un pneu remanufactur\u00e9 \u00e0 grande \u00e9chelle [&hellip;]<\/p>\n","protected":false},"author":11,"featured_media":0,"parent":0,"menu_order":0,"comment_status":"closed","ping_status":"closed","template":"front-page.php","meta":{"footnotes":""},"class_list":["post-17","page","type-page","status-publish","hentry"],"_links":{"self":[{"href":"https:\/\/black-star.fr\/en\/wp-json\/wp\/v2\/pages\/17","targetHints":{"allow":["GET"]}}],"collection":[{"href":"https:\/\/black-star.fr\/en\/wp-json\/wp\/v2\/pages"}],"about":[{"href":"https:\/\/black-star.fr\/en\/wp-json\/wp\/v2\/types\/page"}],"author":[{"embeddable":true,"href":"https:\/\/black-star.fr\/en\/wp-json\/wp\/v2\/users\/11"}],"replies":[{"embeddable":true,"href":"https:\/\/black-star.fr\/en\/wp-json\/wp\/v2\/comments?post=17"}],"version-history":[{"count":6,"href":"https:\/\/black-star.fr\/en\/wp-json\/wp\/v2\/pages\/17\/revisions"}],"predecessor-version":[{"id":28673,"href":"https:\/\/black-star.fr\/en\/wp-json\/wp\/v2\/pages\/17\/revisions\/28673"}],"wp:attachment":[{"href":"https:\/\/black-star.fr\/en\/wp-json\/wp\/v2\/media?parent=17"}],"curies":[{"name":"wp","href":"https:\/\/api.w.org\/{rel}","templated":true}]}}