{"id":139,"date":"2019-06-14T10:46:16","date_gmt":"2019-06-14T10:46:16","guid":{"rendered":"https:\/\/black-star.ovh\/?page_id=139"},"modified":"2024-03-12T18:16:03","modified_gmt":"2024-03-12T18:16:03","slug":"ou-sequiper","status":"publish","type":"page","link":"https:\/\/black-star.fr\/en\/ou-sequiper\/","title":{"rendered":"Find a dealer"},"content":{"rendered":"\n<div class=\"wp-block-group container\"><div class=\"wp-block-group__inner-container is-layout-constrained wp-block-group-is-layout-constrained\">\n<p>Rentre ta ville et d\u00e9couvre le revendeur le plus proche de chez toi&nbsp;!<\/p>\n\n\n\n<p>Trouve aussi ton revendeur BLACK STAR sur Internet.<\/p>\n\n\n\n<p>Profite du prix usine en venant directement acheter et faire monter tes pneus sur notre site de Saint-Pierre de-B\u0153uf (42520). Ce sont v\u00e9ritablement des prix usines\u00a0: montage, valve, \u00e9quilibrage\u2026 Viens nous rendre visite\u00a0!<\/p>\n<\/div><\/div>\n\n\n\n<div style=\"height:30px\" aria-hidden=\"true\" class=\"wp-block-spacer\"><\/div>\n\n\n<style>\r\n\t#wpsl-stores .wpsl-store-thumb {height:45px !important; width:45px !important;}\r\n\t#wpsl-stores, #wpsl-direction-details, #wpsl-gmap {height:350px !important;}\r\n\t#wpsl-gmap .wpsl-info-window {max-width:225px !important;}\r\n\t.wpsl-input label, #wpsl-radius label, #wpsl-category label {width:95px;}\r\n\t#wpsl-search-input ,#wpsl-category .wpsl-dropdown {width:179px;}\r\n<\/style>\r\n<div id=\"wpsl-wrap\" class=\"wpsl-store-below\">\r\n\t<div class=\"wpsl-search wpsl-clearfix wpsl-filter\">\r\n\t\t<div id=\"wpsl-search-wrap\">\r\n\t\t\t<form autocomplete=\"off\">\r\n\t\t\t<div class=\"wpsl-input\">\r\n\t\t\t\t<div><label for=\"wpsl-search-input\">Ville<\/label><\/div>\r\n\t\t\t\t<input id=\"wpsl-search-input\" type=\"text\" value=\"\" name=\"wpsl-search-input\" placeholder=\"\" aria-required=\"true\" \/>\r\n\t\t\t<\/div>\r\n\t\t\t<div class=\"wpsl-select-wrap\">\r\n\t\t\t\t<div id=\"wpsl-radius\">\r\n\t\t\t\t\t<label for=\"wpsl-radius-dropdown\">Rayon de recherche<\/label>\r\n\t\t\t\t\t<select id=\"wpsl-radius-dropdown\" class=\"wpsl-dropdown\" name=\"wpsl-radius\">\r\n\t\t\t\t\t\t<option value=\"10\">10 km<\/option><option value=\"25\">25 km<\/option><option value=\"50\">50 km<\/option><option selected=\"selected\" value=\"100\">100 km<\/option><option value=\"200\">200 km<\/option><option value=\"500\">500 km<\/option>\r\n\t\t\t\t\t<\/select>\r\n\t\t\t\t<\/div>\r\n\t\t\t\t<div id=\"wpsl-results\">\r\n\t\t\t\t\t<label for=\"wpsl-results-dropdown\">Results<\/label>\r\n\t\t\t\t\t<select id=\"wpsl-results-dropdown\" class=\"wpsl-dropdown\" name=\"wpsl-results\">\r\n\t\t\t\t\t\t<option value=\"25\">25<\/option><option value=\"50\">50<\/option><option value=\"75\">75<\/option><option value=\"100\">100<\/option><option selected=\"selected\" value=\"300\">300<\/option><option value=\"400\">400<\/option>\r\n\t\t\t\t\t<\/select>\r\n\t\t\t\t<\/div>\r\n\t\t\t<\/div>\r\n<div id=\"wpsl-category\">\r\n<label for=\"wpsl-category-list\">Marques<\/label>\r\n<select  name='wpsl-category' id='wpsl-category-list' class='wpsl-dropdown'>\n\t<option value='0'>Toutes<\/option>\n\t<option class=\"level-0\" value=\"17\">Black Star<\/option>\n\t<option class=\"level-0\" value=\"18\">L\u00e9onard<\/option>\n<\/select>\n<\/div>\r\n\t\t\t\t<div class=\"wpsl-search-btn-wrap\"><input id=\"wpsl-search-btn\" type=\"submit\" value=\"Recherche\"><\/div>\r\n\t\t<\/form>\r\n\t\t<\/div>\r\n\t<\/div>\r\n\t<div id=\"wpsl-gmap\" class=\"wpsl-gmap-canvas\"><\/div>\r\n\t<div id=\"wpsl-result-list\">\r\n\t\t<div id=\"wpsl-stores\" >\r\n\t\t\t<ul><\/ul>\r\n\t\t<\/div>\r\n\t\t<div id=\"wpsl-direction-details\">\r\n\t\t\t<ul><\/ul>\r\n\t\t<\/div>\r\n\t<\/div>\r\n<\/div>\r\n\n\n\n<section class=\"content-block-6 liste-articles\">\n\t<div class=\"container\">\n\t\t<!-- content -->\n\t\t<div class=\"row\">\n\t\t\t<div class=\"column column-100\">\n\t\t\t\t<h2 class=\"center-underline\">Actualit\u00e9s<\/h2>\n\t\t\t<\/div>\n\t\t<\/div>\n\t\t<div class=\"row article-solo\">\n\t\t\t\t\t\t<div class=\"column column-50\">\n\t\t\t\t<div class=\"article-bg\" style=\"background-image:url('https:\/\/black-star.fr\/wp-content\/uploads\/2026\/01\/Difference-Pneus.png'); background-size: contain;\">\n\t\t\t\t<\/div>\n\t\t\t<\/div>\n\t\t\t<div class=\"column column-50\">\n\t\t\t\t<div class=\"details-full-size\">\n\t\t\t\t<a href=\"https:\/\/black-star.fr\/en\/pneu-ete-ou-pneu-4-saisons-comment-faire-la-difference\/\">\n\t\t\t\t\t<h4>Pneu \u00e9t\u00e9 ou pneu 4 saisons : comment faire la diff\u00e9rence ?<\/h4>\n\t\t\t\t<\/a>\n\t\t\t\t<p>Choisir entre un pneu \u00e9t\u00e9 et un pneu 4 saisons d\u00e9pend avant tout de votre usage et des conditions climatiques auxquelles vous \u00eates confront\u00e9. Si ces deux types de pneumatiques peuvent sembler proches, leur conception r\u00e9pond \u00e0 des besoins bien distincts. Deux crit\u00e8res essentiels : la gomme et la bande de roulement La principale diff\u00e9rence [&hellip;]<\/p>\n\t\t\t\t<a class=\"lire-la-suite\" href=\"https:\/\/black-star.fr\/en\/pneu-ete-ou-pneu-4-saisons-comment-faire-la-difference\/\">Lire la suite ><\/a>\n\t\t\t\t<\/div>\n\t\t\t<\/div>\n\t\t\t\t\t<\/div>\n\t\t<div class=\"row\">\n\t\t\t\t\t\t\t<div class=\"column column-33\" >\n\t\t\t\t\t<div class=\"article-bg\" style=\"background-image:url('https:\/\/black-star.fr\/wp-content\/uploads\/2025\/12\/1.png');\">\n\t\t\t\t\t\t<a class=\"lire-la-suite\" href=\"https:\/\/black-star.fr\/en\/les-pneus-leonard-seduisent-chaque-jour-davantage-de-conducteurs\/\">Lire la suite ><\/a>\n\t\t\t\t\t<\/div>\n\t\t\t\t\t<a href=\"https:\/\/black-star.fr\/en\/les-pneus-leonard-seduisent-chaque-jour-davantage-de-conducteurs\/\">\n\t\t\t\t\t\t<a href=\"https:\/\/black-star.fr\/en\/les-pneus-leonard-seduisent-chaque-jour-davantage-de-conducteurs\/\">\n\t\t\t\t\t\t\t<h4>Les pneus L\u00e9onard s\u00e9duisent chaque jour davantage de conducteurs !<\/h4>\n\t\t\t\t\t\t<\/a>\n\t\t\t\t\t<\/a>\n\t\t\t\t<\/div>\n\t\t\t\t\t\t\t<div class=\"column column-33\" >\n\t\t\t\t\t<div class=\"article-bg\" style=\"background-image:url('https:\/\/black-star.fr\/wp-content\/uploads\/2025\/11\/Green-Modern-Fashion-Photo-Collage-Facebook-Post.png');\">\n\t\t\t\t\t\t<a class=\"lire-la-suite\" href=\"https:\/\/black-star.fr\/en\/semaine-europeenne-pour-lemploi-des-personnes-handicapees-black-star-reaffirme-son-engagement\/\">Lire la suite ><\/a>\n\t\t\t\t\t<\/div>\n\t\t\t\t\t<a href=\"https:\/\/black-star.fr\/en\/semaine-europeenne-pour-lemploi-des-personnes-handicapees-black-star-reaffirme-son-engagement\/\">\n\t\t\t\t\t\t<a href=\"https:\/\/black-star.fr\/en\/semaine-europeenne-pour-lemploi-des-personnes-handicapees-black-star-reaffirme-son-engagement\/\">\n\t\t\t\t\t\t\t<h4>Semaine Europ\u00e9enne pour l\u2019Emploi des Personnes Handicap\u00e9es : BLACK STAR r\u00e9affirme son engagement<\/h4>\n\t\t\t\t\t\t<\/a>\n\t\t\t\t\t<\/a>\n\t\t\t\t<\/div>\n\t\t\t\t\t\t\t<div class=\"column column-33\" >\n\t\t\t\t\t<div class=\"article-bg\" style=\"background-image:url('https:\/\/black-star.fr\/wp-content\/uploads\/2025\/11\/Capture-decran-2025-11-06-112453.png');\">\n\t\t\t\t\t\t<a class=\"lire-la-suite\" href=\"https:\/\/black-star.fr\/en\/jimmy-nous-fait-decouvrir-son-quotidien-chez-black-star\/\">Lire la suite ><\/a>\n\t\t\t\t\t<\/div>\n\t\t\t\t\t<a href=\"https:\/\/black-star.fr\/en\/jimmy-nous-fait-decouvrir-son-quotidien-chez-black-star\/\">\n\t\t\t\t\t\t<a href=\"https:\/\/black-star.fr\/en\/jimmy-nous-fait-decouvrir-son-quotidien-chez-black-star\/\">\n\t\t\t\t\t\t\t<h4>Jimmy nous fait d\u00e9couvrir son quotidien chez BLACK STAR<\/h4>\n\t\t\t\t\t\t<\/a>\n\t\t\t\t\t<\/a>\n\t\t\t\t<\/div>\n\t\t\t\t\t<\/div>\n\t\t<!-- \/content -->\n\t<\/div>\n<\/section>\n","protected":false},"excerpt":{"rendered":"<p>Rentre ta ville et d\u00e9couvre le revendeur le plus proche de chez toi&nbsp;! Trouve aussi ton revendeur BLACK STAR sur Internet. Profite du prix usine en venant directement acheter et faire monter tes pneus sur notre site de Saint-Pierre de-B\u0153uf (42520). Ce sont v\u00e9ritablement des prix usines\u00a0: montage, valve, \u00e9quilibrage\u2026 Viens nous rendre visite\u00a0!<\/p>","protected":false},"author":11,"featured_media":15162,"parent":0,"menu_order":0,"comment_status":"closed","ping_status":"closed","template":"page.php","meta":{"footnotes":""},"class_list":["post-139","page","type-page","status-publish","has-post-thumbnail","hentry"],"_links":{"self":[{"href":"https:\/\/black-star.fr\/en\/wp-json\/wp\/v2\/pages\/139","targetHints":{"allow":["GET"]}}],"collection":[{"href":"https:\/\/black-star.fr\/en\/wp-json\/wp\/v2\/pages"}],"about":[{"href":"https:\/\/black-star.fr\/en\/wp-json\/wp\/v2\/types\/page"}],"author":[{"embeddable":true,"href":"https:\/\/black-star.fr\/en\/wp-json\/wp\/v2\/users\/11"}],"replies":[{"embeddable":true,"href":"https:\/\/black-star.fr\/en\/wp-json\/wp\/v2\/comments?post=139"}],"version-history":[{"count":0,"href":"https:\/\/black-star.fr\/en\/wp-json\/wp\/v2\/pages\/139\/revisions"}],"wp:featuredmedia":[{"embeddable":true,"href":"https:\/\/black-star.fr\/en\/wp-json\/wp\/v2\/media\/15162"}],"wp:attachment":[{"href":"https:\/\/black-star.fr\/en\/wp-json\/wp\/v2\/media?parent=139"}],"curies":[{"name":"wp","href":"https:\/\/api.w.org\/{rel}","templated":true}]}}