{"id":7947,"date":"2023-03-29T14:54:05","date_gmt":"2023-03-29T14:54:05","guid":{"rendered":"http:\/\/www.black-star.ovh\/fr\/produit\/4-seasons-26\/"},"modified":"2023-03-29T14:54:05","modified_gmt":"2023-03-29T14:54:05","slug":"4-seasons-26","status":"publish","type":"product","link":"http:\/\/black-star.fr\/en\/fr\/produit\/4-seasons-26\/","title":{"rendered":"4 SEASONS"},"content":{"rendered":"<p>Le pneu Leonard est un pneu reconditionn\u00e9 de qualit\u00e9 sup\u00e9rieure. Le profil 4 saisons offre la polyvalence n\u00e9cessaire pour circuler tout au long de l\u2019ann\u00e9e, m\u00eame dans les conditions neigeuses les plus difficiles. Garantie fabricant 4 ans.<\/p>","protected":false},"excerpt":{"rendered":"<p>Le pneu Leonard est un pneu reconditionn\u00e9 de qualit\u00e9 sup\u00e9rieure. Le profil 4 saisons offre la polyvalence n\u00e9cessaire pour circuler tout au long de l\u2019ann\u00e9e, m\u00eame dans les conditions neigeuses les plus difficiles. Garantie fabricant 4 ans.<\/p>","protected":false},"featured_media":7576,"template":"","meta":[],"product_brand":[],"product_cat":[91],"product_tag":[],"class_list":{"0":"post-7947","1":"product","2":"type-product","3":"status-publish","4":"has-post-thumbnail","6":"product_cat-4x4-suv","8":"first","9":"instock","10":"shipping-taxable","11":"product-type-simple"},"_links":{"self":[{"href":"http:\/\/black-star.fr\/en\/wp-json\/wp\/v2\/product\/7947","targetHints":{"allow":["GET"]}}],"collection":[{"href":"http:\/\/black-star.fr\/en\/wp-json\/wp\/v2\/product"}],"about":[{"href":"http:\/\/black-star.fr\/en\/wp-json\/wp\/v2\/types\/product"}],"wp:featuredmedia":[{"embeddable":true,"href":"http:\/\/black-star.fr\/en\/wp-json\/wp\/v2\/media\/7576"}],"wp:attachment":[{"href":"http:\/\/black-star.fr\/en\/wp-json\/wp\/v2\/media?parent=7947"}],"wp:term":[{"taxonomy":"product_brand","embeddable":true,"href":"http:\/\/black-star.fr\/en\/wp-json\/wp\/v2\/product_brand?post=7947"},{"taxonomy":"product_cat","embeddable":true,"href":"http:\/\/black-star.fr\/en\/wp-json\/wp\/v2\/product_cat?post=7947"},{"taxonomy":"product_tag","embeddable":true,"href":"http:\/\/black-star.fr\/en\/wp-json\/wp\/v2\/product_tag?post=7947"}],"curies":[{"name":"wp","href":"https:\/\/api.w.org\/{rel}","templated":true}]}}