{"id":28502,"date":"2025-06-13T07:05:48","date_gmt":"2025-06-13T07:05:48","guid":{"rendered":"https:\/\/black-star.fr\/?post_type=product&#038;p=28502"},"modified":"2025-06-13T07:37:54","modified_gmt":"2025-06-13T07:37:54","slug":"4-seasons-35","status":"publish","type":"product","link":"http:\/\/black-star.fr\/en\/fr\/produit\/4-seasons-35\/","title":{"rendered":"4 SEASONS"},"content":{"rendered":"<p>Le pneu Leonard est un pneu reconditionn\u00e9 de qualit\u00e9 sup\u00e9rieure. Le profil 4 saisons offre la polyvalence n\u00e9cessaire pour circuler tout au long de l\u2019ann\u00e9e, m\u00eame dans les conditions neigeuses les plus difficiles. Garantie fabricant 4 ans.<\/p>","protected":false},"excerpt":{"rendered":"<p>Le pneu Leonard est un pneu reconditionn\u00e9 de qualit\u00e9 sup\u00e9rieure. Le profil 4 saisons offre la polyvalence n\u00e9cessaire pour circuler tout au long de l\u2019ann\u00e9e, m\u00eame dans les conditions neigeuses les plus difficiles. Garantie fabricant 4 ans.<\/p>","protected":false},"featured_media":7576,"template":"","meta":[],"product_brand":[],"product_cat":[91],"product_tag":[],"class_list":{"0":"post-28502","1":"product","2":"type-product","3":"status-publish","4":"has-post-thumbnail","6":"product_cat-4x4-suv","8":"first","9":"instock","10":"shipping-taxable","11":"product-type-simple"},"_links":{"self":[{"href":"http:\/\/black-star.fr\/en\/wp-json\/wp\/v2\/product\/28502","targetHints":{"allow":["GET"]}}],"collection":[{"href":"http:\/\/black-star.fr\/en\/wp-json\/wp\/v2\/product"}],"about":[{"href":"http:\/\/black-star.fr\/en\/wp-json\/wp\/v2\/types\/product"}],"wp:featuredmedia":[{"embeddable":true,"href":"http:\/\/black-star.fr\/en\/wp-json\/wp\/v2\/media\/7576"}],"wp:attachment":[{"href":"http:\/\/black-star.fr\/en\/wp-json\/wp\/v2\/media?parent=28502"}],"wp:term":[{"taxonomy":"product_brand","embeddable":true,"href":"http:\/\/black-star.fr\/en\/wp-json\/wp\/v2\/product_brand?post=28502"},{"taxonomy":"product_cat","embeddable":true,"href":"http:\/\/black-star.fr\/en\/wp-json\/wp\/v2\/product_cat?post=28502"},{"taxonomy":"product_tag","embeddable":true,"href":"http:\/\/black-star.fr\/en\/wp-json\/wp\/v2\/product_tag?post=28502"}],"curies":[{"name":"wp","href":"https:\/\/api.w.org\/{rel}","templated":true}]}}